{"id":1084,"date":"2022-08-28T11:03:46","date_gmt":"2022-08-28T15:03:46","guid":{"rendered":"https:\/\/maspinedeetpierre.com\/?page_id=1084"},"modified":"2024-03-20T12:18:38","modified_gmt":"2024-03-20T16:18:38","slug":"activities","status":"publish","type":"page","link":"https:\/\/maspinedeetpierre.com\/fr\/activities\/","title":{"rendered":"Activit\u00e9s"},"content":{"rendered":"<div data-elementor-type=\"wp-page\" data-elementor-id=\"1084\" class=\"elementor elementor-1084\" data-elementor-post-type=\"page\">\n\t\t\t\t<div class=\"elementor-element elementor-element-58eb1cc e-con-full e-flex e-con e-parent\" data-id=\"58eb1cc\" data-element_type=\"container\" data-e-type=\"container\">\n\t\t<div class=\"elementor-element elementor-element-1a94c8f e-con-full e-flex e-con e-child\" data-id=\"1a94c8f\" data-element_type=\"container\" data-e-type=\"container\">\n\t\t\t\t<div class=\"elementor-element elementor-element-2379d0a elementor-invisible elementor-widget elementor-widget-heading\" data-id=\"2379d0a\" data-element_type=\"widget\" data-e-type=\"widget\" data-settings=\"{&quot;motion_fx_motion_fx_scrolling&quot;:&quot;yes&quot;,&quot;motion_fx_range&quot;:&quot;page&quot;,&quot;_animation&quot;:&quot;fadeInUp&quot;,&quot;motion_fx_devices&quot;:[&quot;desktop&quot;,&quot;tablet&quot;,&quot;mobile&quot;]}\" data-widget_type=\"heading.default\">\n\t\t\t\t<div class=\"elementor-widget-container\">\n\t\t\t\t\t<h1 class=\"elementor-heading-title elementor-size-default\">Activit\u00e9s au Mas<\/h1>\t\t\t\t<\/div>\n\t\t\t\t<\/div>\n\t\t\t\t<\/div>\n\t\t<div class=\"elementor-element elementor-element-d902740 e-con-full e-flex e-con e-child\" data-id=\"d902740\" data-element_type=\"container\" data-e-type=\"container\">\n\t\t\t\t<\/div>\n\t\t\t\t<\/div>\n\t\t<div class=\"elementor-element elementor-element-9afaa47 e-flex e-con-boxed e-con e-parent\" data-id=\"9afaa47\" data-element_type=\"container\" data-e-type=\"container\">\n\t\t\t\t\t<div class=\"e-con-inner\">\n\t\t<div class=\"elementor-element elementor-element-6e66b21 e-con-full e-flex e-con e-child\" data-id=\"6e66b21\" data-element_type=\"container\" data-e-type=\"container\">\n\t\t<div class=\"elementor-element elementor-element-8f953c4 e-con-full e-flex e-con e-child\" data-id=\"8f953c4\" data-element_type=\"container\" data-e-type=\"container\">\n\t\t\t\t<div class=\"elementor-element elementor-element-5723f40 elementor-widget elementor-widget-gallery\" data-id=\"5723f40\" data-element_type=\"widget\" data-e-type=\"widget\" data-settings=\"{&quot;gallery_layout&quot;:&quot;justified&quot;,&quot;lazyload&quot;:&quot;yes&quot;,&quot;ideal_row_height&quot;:{&quot;unit&quot;:&quot;px&quot;,&quot;size&quot;:200,&quot;sizes&quot;:[]},&quot;ideal_row_height_tablet&quot;:{&quot;unit&quot;:&quot;px&quot;,&quot;size&quot;:150,&quot;sizes&quot;:[]},&quot;ideal_row_height_mobile&quot;:{&quot;unit&quot;:&quot;px&quot;,&quot;size&quot;:150,&quot;sizes&quot;:[]},&quot;gap&quot;:{&quot;unit&quot;:&quot;px&quot;,&quot;size&quot;:10,&quot;sizes&quot;:[]},&quot;gap_tablet&quot;:{&quot;unit&quot;:&quot;px&quot;,&quot;size&quot;:10,&quot;sizes&quot;:[]},&quot;gap_mobile&quot;:{&quot;unit&quot;:&quot;px&quot;,&quot;size&quot;:10,&quot;sizes&quot;:[]},&quot;link_to&quot;:&quot;file&quot;,&quot;overlay_background&quot;:&quot;yes&quot;,&quot;content_hover_animation&quot;:&quot;fade-in&quot;}\" data-widget_type=\"gallery.default\">\n\t\t\t\t<div class=\"elementor-widget-container\">\n\t\t\t\t\t\t\t<div class=\"elementor-gallery__container\">\n\t\t\t\t\t\t\t<a class=\"e-gallery-item elementor-gallery-item elementor-animated-content\" href=\"https:\/\/maspinedeetpierre.com\/wp-content\/uploads\/2022\/08\/mpp-gym3.jpg\" data-elementor-open-lightbox=\"yes\" data-elementor-lightbox-slideshow=\"5723f40\" data-elementor-lightbox-title=\"mpp-gym3\" data-e-action-hash=\"#elementor-action%3Aaction%3Dlightbox%26settings%3DeyJpZCI6MTE3NywidXJsIjoiaHR0cHM6XC9cL21hc3BpbmVkZWV0cGllcnJlLmNvbVwvd3AtY29udGVudFwvdXBsb2Fkc1wvMjAyMlwvMDhcL21wcC1neW0zLmpwZyIsInNsaWRlc2hvdyI6IjU3MjNmNDAifQ%3D%3D\">\n\t\t\t\t\t<div class=\"e-gallery-image elementor-gallery-item__image\" data-thumbnail=\"https:\/\/maspinedeetpierre.com\/wp-content\/uploads\/2022\/08\/mpp-gym3.jpg\" data-width=\"1000\" data-height=\"1333\" aria-label=\"Outdoor gym at Mas Pin\u00e8de et Pierre in Provence Occitane, France\" role=\"img\" ><\/div>\n\t\t\t\t\t\t\t\t\t\t\t<div class=\"elementor-gallery-item__overlay\"><\/div>\n\t\t\t\t\t\t\t\t\t\t\t\t\t\t<\/a>\n\t\t\t\t\t\t\t<a class=\"e-gallery-item elementor-gallery-item elementor-animated-content\" href=\"https:\/\/maspinedeetpierre.com\/wp-content\/uploads\/2022\/08\/mpp-gym2.jpg\" data-elementor-open-lightbox=\"yes\" data-elementor-lightbox-slideshow=\"5723f40\" data-elementor-lightbox-title=\"mpp-gym2\" data-e-action-hash=\"#elementor-action%3Aaction%3Dlightbox%26settings%3DeyJpZCI6MTE3OSwidXJsIjoiaHR0cHM6XC9cL21hc3BpbmVkZWV0cGllcnJlLmNvbVwvd3AtY29udGVudFwvdXBsb2Fkc1wvMjAyMlwvMDhcL21wcC1neW0yLmpwZyIsInNsaWRlc2hvdyI6IjU3MjNmNDAifQ%3D%3D\">\n\t\t\t\t\t<div class=\"e-gallery-image elementor-gallery-item__image\" data-thumbnail=\"https:\/\/maspinedeetpierre.com\/wp-content\/uploads\/2022\/08\/mpp-gym2.jpg\" data-width=\"1000\" data-height=\"750\" aria-label=\"Muay Thai bagwork with Nath Fuz at Mas Pin\u00e8de et Pierre in Provence Occitane, France\" role=\"img\" ><\/div>\n\t\t\t\t\t\t\t\t\t\t\t<div class=\"elementor-gallery-item__overlay\"><\/div>\n\t\t\t\t\t\t\t\t\t\t\t\t\t\t<\/a>\n\t\t\t\t\t\t\t<a class=\"e-gallery-item elementor-gallery-item elementor-animated-content\" href=\"https:\/\/maspinedeetpierre.com\/wp-content\/uploads\/2022\/08\/mpp-gym6.jpg\" data-elementor-open-lightbox=\"yes\" data-elementor-lightbox-slideshow=\"5723f40\" data-e-action-hash=\"#elementor-action%3Aaction%3Dlightbox%26settings%3DeyJpZCI6MTE4MSwidXJsIjoiaHR0cHM6XC9cL21hc3BpbmVkZWV0cGllcnJlLmNvbVwvd3AtY29udGVudFwvdXBsb2Fkc1wvMjAyMlwvMDhcL21wcC1neW02LmpwZyIsInNsaWRlc2hvdyI6IjU3MjNmNDAifQ%3D%3D\">\n\t\t\t\t\t<div class=\"e-gallery-image elementor-gallery-item__image\" data-thumbnail=\"https:\/\/maspinedeetpierre.com\/wp-content\/uploads\/2022\/08\/mpp-gym6.jpg\" data-width=\"1000\" data-height=\"750\" aria-label=\"Muay Thai classes with Nath Fuz at Mas Pin\u00e8de et Pierre in Provence Occitane, France\" role=\"img\" ><\/div>\n\t\t\t\t\t\t\t\t\t\t\t<div class=\"elementor-gallery-item__overlay\"><\/div>\n\t\t\t\t\t\t\t\t\t\t\t\t\t\t<\/a>\n\t\t\t\t\t\t\t<a class=\"e-gallery-item elementor-gallery-item elementor-animated-content\" href=\"https:\/\/maspinedeetpierre.com\/wp-content\/uploads\/2022\/08\/mpp-gym0.jpg\" data-elementor-open-lightbox=\"yes\" data-elementor-lightbox-slideshow=\"5723f40\" data-e-action-hash=\"#elementor-action%3Aaction%3Dlightbox%26settings%3DeyJpZCI6MTE3OCwidXJsIjoiaHR0cHM6XC9cL21hc3BpbmVkZWV0cGllcnJlLmNvbVwvd3AtY29udGVudFwvdXBsb2Fkc1wvMjAyMlwvMDhcL21wcC1neW0wLmpwZyIsInNsaWRlc2hvdyI6IjU3MjNmNDAifQ%3D%3D\">\n\t\t\t\t\t<div class=\"e-gallery-image elementor-gallery-item__image\" data-thumbnail=\"https:\/\/maspinedeetpierre.com\/wp-content\/uploads\/2022\/08\/mpp-gym0.jpg\" data-width=\"1000\" data-height=\"1333\" aria-label=\"Outdoor gym at Mas Pin\u00e8de et Pierre in Provence Occitane, France\" role=\"img\" ><\/div>\n\t\t\t\t\t\t\t\t\t\t\t<div class=\"elementor-gallery-item__overlay\"><\/div>\n\t\t\t\t\t\t\t\t\t\t\t\t\t\t<\/a>\n\t\t\t\t\t<\/div>\n\t\t\t\t\t<\/div>\n\t\t\t\t<\/div>\n\t\t\t\t<div class=\"elementor-element elementor-element-365e201 elementor-widget elementor-widget-heading\" data-id=\"365e201\" data-element_type=\"widget\" data-e-type=\"widget\" data-widget_type=\"heading.default\">\n\t\t\t\t<div class=\"elementor-widget-container\">\n\t\t\t\t\t<h2 class=\"elementor-heading-title elementor-size-default\">Muay Thai &amp; Fitness<\/h2>\t\t\t\t<\/div>\n\t\t\t\t<\/div>\n\t\t\t\t<div class=\"elementor-element elementor-element-2d3093e elementor-widget elementor-widget-text-editor\" data-id=\"2d3093e\" data-element_type=\"widget\" data-e-type=\"widget\" data-widget_type=\"text-editor.default\">\n\t\t\t\t<div class=\"elementor-widget-container\">\n\t\t\t\t\t\t\t\t\t<p>Allez \u00e0 la salle de gym en plein air avec Nath et Abby! Nath est heureuse d'adapter les s\u00e9ances d'entra\u00eenement \u00e0 tout type d'objectif de remise en forme. Elle peut vous initier aux fondamentaux du Muay Tha\u00ef, ou mettre \u00e0 l'\u00e9preuve des nakmuays confirm\u00e9s ! Elle met sa formidable exp\u00e9rience\u201425 ans en tant qu'athl\u00e8te, enseignante, entra\u00eeneuse et pr\u00e9paratrice physique de Muay Thai - \u00e0 votre service...et surtout, vous vous amuserez \u00e9norm\u00e9ment ! R\u00e9servez une s\u00e9ance de fitness et de yoga combin\u00e9e pour travailler dur et r\u00e9cup\u00e9rer pleinement avant votre prochaine aventure.<\/p>\t\t\t\t\t\t\t\t<\/div>\n\t\t\t\t<\/div>\n\t\t\t\t<\/div>\n\t\t<div class=\"elementor-element elementor-element-4d645f9 e-con-full e-flex e-con e-child\" data-id=\"4d645f9\" data-element_type=\"container\" data-e-type=\"container\">\n\t\t\t\t<div class=\"elementor-element elementor-element-0e8b357 elementor-widget elementor-widget-image\" data-id=\"0e8b357\" data-element_type=\"widget\" data-e-type=\"widget\" data-widget_type=\"image.default\">\n\t\t\t\t<div class=\"elementor-widget-container\">\n\t\t\t\t\t\t\t\t\t\t\t\t\t\t\t\t<a href=\"https:\/\/maspinedeetpierre.com\/wp-content\/uploads\/2022\/08\/mpp-gym5.jpg\" data-elementor-open-lightbox=\"yes\" data-elementor-lightbox-title=\"mpp-gym5\" data-e-action-hash=\"#elementor-action%3Aaction%3Dlightbox%26settings%3DeyJpZCI6MTE4MCwidXJsIjoiaHR0cHM6XC9cL21hc3BpbmVkZWV0cGllcnJlLmNvbVwvd3AtY29udGVudFwvdXBsb2Fkc1wvMjAyMlwvMDhcL21wcC1neW01LmpwZyJ9\">\n\t\t\t\t\t\t\t<img fetchpriority=\"high\" decoding=\"async\" width=\"1000\" height=\"750\" src=\"https:\/\/maspinedeetpierre.com\/wp-content\/uploads\/2022\/08\/mpp-gym5.jpg\" class=\"attachment-full size-full wp-image-1180\" alt=\"Yoga classes with Abby Walworth at Mas Pin\u00e8de et Pierre in Provence Occitane, France\" srcset=\"https:\/\/maspinedeetpierre.com\/wp-content\/uploads\/2022\/08\/mpp-gym5.jpg 1000w, https:\/\/maspinedeetpierre.com\/wp-content\/uploads\/2022\/08\/mpp-gym5-300x225.jpg 300w, https:\/\/maspinedeetpierre.com\/wp-content\/uploads\/2022\/08\/mpp-gym5-768x576.jpg 768w, https:\/\/maspinedeetpierre.com\/wp-content\/uploads\/2022\/08\/mpp-gym5-16x12.jpg 16w\" sizes=\"(max-width: 1000px) 100vw, 1000px\" \/>\t\t\t\t\t\t\t\t<\/a>\n\t\t\t\t\t\t\t\t\t\t\t\t\t\t\t<\/div>\n\t\t\t\t<\/div>\n\t\t\t\t<div class=\"elementor-element elementor-element-28eb61c elementor-widget elementor-widget-heading\" data-id=\"28eb61c\" data-element_type=\"widget\" data-e-type=\"widget\" data-widget_type=\"heading.default\">\n\t\t\t\t<div class=\"elementor-widget-container\">\n\t\t\t\t\t<h2 class=\"elementor-heading-title elementor-size-default\">Yoga<\/h2>\t\t\t\t<\/div>\n\t\t\t\t<\/div>\n\t\t\t\t<div class=\"elementor-element elementor-element-488bbc6 elementor-widget elementor-widget-text-editor\" data-id=\"488bbc6\" data-element_type=\"widget\" data-e-type=\"widget\" data-widget_type=\"text-editor.default\">\n\t\t\t\t<div class=\"elementor-widget-container\">\n\t\t\t\t\t\t\t\t\t<p>Le yoga est une pratique ancienne originaire d'Inde que nous avons le privil\u00e8ge de pratiquer partout dans le monde. Le mot \u00ab yoga \u00bb d\u00e9rive d'un mot sanskrit qui signifie \u00ab unir \u00bb ou \u00ab joug \u00bb - le yoga favorise certainement le bien-\u00eatre physique, mais notre v\u00e9ritable objectif dans la pratique est d'unir le corps, le mental et l'esprit.<\/p><p>Des d\u00e9butants aux yogis exp\u00e9riment\u00e9s, Abby \u00e9laborera une session respectant tous les physiques et r\u00e9pondant \u00e0 tous les objectifs. Elle aime particuli\u00e8rement enseigner le yoga sur chaise. Le yoga peut am\u00e9liorer les zones de tension chronique, d\u00e9velopper la force et l\u2019 \u00e9quilibre, apaiser le syst\u00e8me nerveux, ou attiser votre feu int\u00e9rieur. D\u00e9couvrez une pratique qui harmonise votre corps et votre esprit.<\/p>\t\t\t\t\t\t\t\t<\/div>\n\t\t\t\t<\/div>\n\t\t\t\t<\/div>\n\t\t\t\t<\/div>\n\t\t<div class=\"elementor-element elementor-element-8252224 e-con-full e-flex e-con e-child\" data-id=\"8252224\" data-element_type=\"container\" data-e-type=\"container\">\n\t\t<div class=\"elementor-element elementor-element-c9830d1 e-con-full e-flex e-con e-child\" data-id=\"c9830d1\" data-element_type=\"container\" data-e-type=\"container\">\n\t\t\t\t<div class=\"elementor-element elementor-element-d3d0e7e elementor-widget elementor-widget-image\" data-id=\"d3d0e7e\" data-element_type=\"widget\" data-e-type=\"widget\" data-widget_type=\"image.default\">\n\t\t\t\t<div class=\"elementor-widget-container\">\n\t\t\t\t\t\t\t\t\t\t\t\t\t\t\t<img decoding=\"async\" width=\"800\" height=\"533\" src=\"https:\/\/maspinedeetpierre.com\/wp-content\/uploads\/2022\/08\/mas-pinede-et-pierre-atelier.jpg\" class=\"attachment-large size-large wp-image-1103\" alt=\"Abby Walworth&#039;s atelier at Mas Pin\u00e8de et Pierre in Provence Occitane, France\" srcset=\"https:\/\/maspinedeetpierre.com\/wp-content\/uploads\/2022\/08\/mas-pinede-et-pierre-atelier.jpg 1000w, https:\/\/maspinedeetpierre.com\/wp-content\/uploads\/2022\/08\/mas-pinede-et-pierre-atelier-300x200.jpg 300w, https:\/\/maspinedeetpierre.com\/wp-content\/uploads\/2022\/08\/mas-pinede-et-pierre-atelier-768x511.jpg 768w, https:\/\/maspinedeetpierre.com\/wp-content\/uploads\/2022\/08\/mas-pinede-et-pierre-atelier-18x12.jpg 18w\" sizes=\"(max-width: 800px) 100vw, 800px\" \/>\t\t\t\t\t\t\t\t\t\t\t\t\t\t\t<\/div>\n\t\t\t\t<\/div>\n\t\t\t\t<div class=\"elementor-element elementor-element-aecd841 elementor-widget elementor-widget-heading\" data-id=\"aecd841\" data-element_type=\"widget\" data-e-type=\"widget\" data-widget_type=\"heading.default\">\n\t\t\t\t<div class=\"elementor-widget-container\">\n\t\t\t\t\t<h2 class=\"elementor-heading-title elementor-size-default\">L\u2019Atelier<\/h2>\t\t\t\t<\/div>\n\t\t\t\t<\/div>\n\t\t\t\t<div class=\"elementor-element elementor-element-559f4ef elementor-widget elementor-widget-text-editor\" data-id=\"559f4ef\" data-element_type=\"widget\" data-e-type=\"widget\" data-widget_type=\"text-editor.default\">\n\t\t\t\t<div class=\"elementor-widget-container\">\n\t\t\t\t\t\t\t\t\t<p>Abby a commenc\u00e9 \u00e0 vendre ses produits fait main sous le nom de wally co en 2019. Arr\u00eatez-vous dans son atelier de c\u00e9ramique et d\u00e9couvrez le processus de fabrication de la poterie \u00e0 la main et au tour. Vous voulez mettre les mains dans la boue ? R\u00e9servez une le\u00e7on et essayez vous-m\u00eame ! Les c\u00e9ramistes confirm\u00e9s peuvent se renseigner sur la location d'un studio ouvert pendant leur s\u00e9jour. Ramenez vos pi\u00e8ces chez vous si le four est allum\u00e9 pendant votre s\u00e9jour, ou organisez l'exp\u00e9dition directement chez vous. Abby aime aussi fabriquer des suspensions pour plantes en macram\u00e9, et vous pouvez r\u00e9server une s\u00e9ance pour en fabriquer un avec elle.<\/p><p>Ramenez chez vous un souvenir unique de la boutique, qu'il s'agisse d'un wally co original, d'une pi\u00e8ce antique ou vintage, ou d'un produit biologique r\u00e9gional d'un de nos amis \u00e0 proximit\u00e9.<\/p>\t\t\t\t\t\t\t\t<\/div>\n\t\t\t\t<\/div>\n\t\t\t\t<\/div>\n\t\t<div class=\"elementor-element elementor-element-e05901a e-con-full e-flex e-con e-child\" data-id=\"e05901a\" data-element_type=\"container\" data-e-type=\"container\">\n\t\t\t\t<div class=\"elementor-element elementor-element-49e06ce elementor-widget elementor-widget-image\" data-id=\"49e06ce\" data-element_type=\"widget\" data-e-type=\"widget\" data-widget_type=\"image.default\">\n\t\t\t\t<div class=\"elementor-widget-container\">\n\t\t\t\t\t\t\t\t\t\t\t\t\t\t\t<img decoding=\"async\" width=\"800\" height=\"594\" src=\"https:\/\/maspinedeetpierre.com\/wp-content\/uploads\/2024\/03\/thai-massage-mas-pinede-et-pierre-provence.jpg\" class=\"attachment-large size-large wp-image-3528\" alt=\"\" srcset=\"https:\/\/maspinedeetpierre.com\/wp-content\/uploads\/2024\/03\/thai-massage-mas-pinede-et-pierre-provence.jpg 1000w, https:\/\/maspinedeetpierre.com\/wp-content\/uploads\/2024\/03\/thai-massage-mas-pinede-et-pierre-provence-300x223.jpg 300w, https:\/\/maspinedeetpierre.com\/wp-content\/uploads\/2024\/03\/thai-massage-mas-pinede-et-pierre-provence-768x570.jpg 768w, https:\/\/maspinedeetpierre.com\/wp-content\/uploads\/2024\/03\/thai-massage-mas-pinede-et-pierre-provence-16x12.jpg 16w\" sizes=\"(max-width: 800px) 100vw, 800px\" \/>\t\t\t\t\t\t\t\t\t\t\t\t\t\t\t<\/div>\n\t\t\t\t<\/div>\n\t\t\t\t<div class=\"elementor-element elementor-element-c401db3 elementor-widget elementor-widget-heading\" data-id=\"c401db3\" data-element_type=\"widget\" data-e-type=\"widget\" data-widget_type=\"heading.default\">\n\t\t\t\t<div class=\"elementor-widget-container\">\n\t\t\t\t\t<h2 class=\"elementor-heading-title elementor-size-default\">Massage tha\u00ef<\/h2>\t\t\t\t<\/div>\n\t\t\t\t<\/div>\n\t\t\t\t<div class=\"elementor-element elementor-element-25a8706 elementor-widget elementor-widget-text-editor\" data-id=\"25a8706\" data-element_type=\"widget\" data-e-type=\"widget\" data-widget_type=\"text-editor.default\">\n\t\t\t\t<div class=\"elementor-widget-container\">\n\t\t\t\t\t\t\t\t\t<p>Le massage tha\u00eflandais est une pratique d\u2019origine ancienne qui est th\u00e9rapeutique pour le corps et l'esprit, s'adressant \u00e0 la structure physique et aux voies \u00e9nerg\u00e9tiques. Le massage tha\u00ef traditionnel n'utilise g\u00e9n\u00e9ralement ni huiles ni lotions, et le client reste enti\u00e8rement habill\u00e9. Il se pratique allong\u00e9 ou\/et assis sur des tapis de sol. Le massoth\u00e9rapeute utilise tout son corps pour \u00e9tirer, appuyer et balancer, guidant le client dans diverses postures pour mobiliser tout le corps.<\/p><p>Nath a \u00e9t\u00e9 initi\u00e9e au massage tha\u00eflandais lors de ses voyages en Tha\u00eflande en tant qu'athl\u00e8te et a r\u00e9alis\u00e9 son r\u00eave de longue date d'\u00eatre massoth\u00e9rapeute gr\u00e2ce au cours complet et intensive de Thai Healing Massage Academy.<\/p>\t\t\t\t\t\t\t\t<\/div>\n\t\t\t\t<\/div>\n\t\t\t\t<\/div>\n\t\t<div class=\"elementor-element elementor-element-015889d e-con-full e-flex e-con e-child\" data-id=\"015889d\" data-element_type=\"container\" data-e-type=\"container\">\n\t\t\t\t<div class=\"elementor-element elementor-element-ad413ca elementor-widget elementor-widget-heading\" data-id=\"ad413ca\" data-element_type=\"widget\" data-e-type=\"widget\" data-widget_type=\"heading.default\">\n\t\t\t\t<div class=\"elementor-widget-container\">\n\t\t\t\t\t<h2 class=\"elementor-heading-title elementor-size-default\">M\u00e9ditation<\/h2>\t\t\t\t<\/div>\n\t\t\t\t<\/div>\n\t\t\t\t<div class=\"elementor-element elementor-element-dc443eb elementor-widget elementor-widget-text-editor\" data-id=\"dc443eb\" data-element_type=\"widget\" data-e-type=\"widget\" data-widget_type=\"text-editor.default\">\n\t\t\t\t<div class=\"elementor-widget-container\">\n\t\t\t\t\t\t\t\t\t<p>Explorez la pr\u00e9sence et le calme profonds avec une s\u00e9ance de m\u00e9ditation guid\u00e9e avec Nath ou Abby. Respirez et souriez.<\/p>\t\t\t\t\t\t\t\t<\/div>\n\t\t\t\t<\/div>\n\t\t\t\t<\/div>\n\t\t\t\t<\/div>\n\t\t\t\t\t<\/div>\n\t\t\t\t<\/div>\n\t\t\t\t<\/div>","protected":false},"excerpt":{"rendered":"<p>Activities at the Mas Muay Thai &#038; Fitness Hit the outdoor gym with Nath and Abby! Nath is happy to tailor training sessions for any kind of fitness goal. She can introduce you to the fundamentals of Muay Thai, or put experienced nak muays through the paces! She puts her formidable experience &#8211; 25 years [&hellip;]<\/p>","protected":false},"author":1,"featured_media":0,"parent":0,"menu_order":0,"comment_status":"closed","ping_status":"closed","template":"elementor_header_footer","meta":{"footnotes":""},"class_list":["post-1084","page","type-page","status-publish","hentry"],"_links":{"self":[{"href":"https:\/\/maspinedeetpierre.com\/fr\/wp-json\/wp\/v2\/pages\/1084","targetHints":{"allow":["GET"]}}],"collection":[{"href":"https:\/\/maspinedeetpierre.com\/fr\/wp-json\/wp\/v2\/pages"}],"about":[{"href":"https:\/\/maspinedeetpierre.com\/fr\/wp-json\/wp\/v2\/types\/page"}],"author":[{"embeddable":true,"href":"https:\/\/maspinedeetpierre.com\/fr\/wp-json\/wp\/v2\/users\/1"}],"replies":[{"embeddable":true,"href":"https:\/\/maspinedeetpierre.com\/fr\/wp-json\/wp\/v2\/comments?post=1084"}],"version-history":[{"count":57,"href":"https:\/\/maspinedeetpierre.com\/fr\/wp-json\/wp\/v2\/pages\/1084\/revisions"}],"predecessor-version":[{"id":3531,"href":"https:\/\/maspinedeetpierre.com\/fr\/wp-json\/wp\/v2\/pages\/1084\/revisions\/3531"}],"wp:attachment":[{"href":"https:\/\/maspinedeetpierre.com\/fr\/wp-json\/wp\/v2\/media?parent=1084"}],"curies":[{"name":"wp","href":"https:\/\/api.w.org\/{rel}","templated":true}]}}