{"id":379,"date":"2022-06-27T12:07:40","date_gmt":"2022-06-27T16:07:40","guid":{"rendered":"https:\/\/maspinedeetpierre.com\/?page_id=379"},"modified":"2022-09-08T13:33:01","modified_gmt":"2022-09-08T17:33:01","slug":"what-to-do","status":"publish","type":"page","link":"https:\/\/maspinedeetpierre.com\/fr\/what-to-do\/","title":{"rendered":"Que Faire"},"content":{"rendered":"<div data-elementor-type=\"wp-page\" data-elementor-id=\"379\" class=\"elementor elementor-379\" data-elementor-post-type=\"page\">\n\t\t\t\t<div class=\"elementor-element elementor-element-f1e09de e-con-full e-flex e-con e-parent\" data-id=\"f1e09de\" data-element_type=\"container\" data-e-type=\"container\">\n\t\t<div class=\"elementor-element elementor-element-01dee42 e-con-full e-flex e-con e-parent\" data-id=\"01dee42\" data-element_type=\"container\" data-e-type=\"container\">\n\t\t\t\t<div class=\"elementor-element elementor-element-6831452 elementor-invisible elementor-widget elementor-widget-heading\" data-id=\"6831452\" data-element_type=\"widget\" data-e-type=\"widget\" data-settings=\"{&quot;motion_fx_motion_fx_scrolling&quot;:&quot;yes&quot;,&quot;motion_fx_range&quot;:&quot;page&quot;,&quot;_animation&quot;:&quot;fadeInUp&quot;,&quot;motion_fx_devices&quot;:[&quot;desktop&quot;,&quot;tablet&quot;,&quot;mobile&quot;]}\" data-widget_type=\"heading.default\">\n\t\t\t\t<div class=\"elementor-widget-container\">\n\t\t\t\t\t<h1 class=\"elementor-heading-title elementor-size-default\">Que Faire<\/h1>\t\t\t\t<\/div>\n\t\t\t\t<\/div>\n\t\t<div class=\"elementor-element elementor-element-dada64d e-con-full e-flex e-con e-parent\" data-id=\"dada64d\" data-element_type=\"container\" data-e-type=\"container\">\n\t\t\t\t<div class=\"elementor-element elementor-element-4ec1d94 elementor-widget elementor-widget-heading\" data-id=\"4ec1d94\" data-element_type=\"widget\" data-e-type=\"widget\" data-widget_type=\"heading.default\">\n\t\t\t\t<div class=\"elementor-widget-container\">\n\t\t\t\t\t<h2 class=\"elementor-heading-title elementor-size-default\">Pr\u00eat \u00e0 explorer les alentours ? Mas Pin\u00e8de et Pierre est la base id\u00e9ale pour decouvrir toutes les fabuleuses activit\u00e9s que vous offre le sud de la France. Des gourmands aux amoureux de la nature en passant par les fous d'histoire, il y a des merveilles pour tous les voyageurs. Ressourcez-vous dans un cadre naturel magnifique, faites du v\u00e9lo, de la randonn\u00e9e ou du kayak dans les for\u00eats et les gorges. Connectez-vous \u00e0 l'histoire dans les grottes pr\u00e9historiques, les villes romaines, les villages m\u00e9di\u00e9vaux et les ch\u00e2teaux \u00e9l\u00e9gants. D\u00e9gustez les saveurs locales dans les vignobles biologiques, les march\u00e9s et les fermes. Plongez dans la joie de vivre du sud ensoleill\u00e9 de la France.<\/h2>\t\t\t\t<\/div>\n\t\t\t\t<\/div>\n\t\t\t\t<\/div>\n\t\t<div class=\"elementor-element elementor-element-288f726 e-con-full e-flex e-con e-parent\" data-id=\"288f726\" data-element_type=\"container\" data-e-type=\"container\" data-settings=\"{&quot;background_background&quot;:&quot;classic&quot;}\">\n\t\t\t\t<div class=\"elementor-element elementor-element-2d1edda e-transform elementor-widget-divider--view-line elementor-widget elementor-widget-divider\" data-id=\"2d1edda\" data-element_type=\"widget\" data-e-type=\"widget\" data-settings=\"{&quot;_transform_rotateZ_effect&quot;:{&quot;unit&quot;:&quot;px&quot;,&quot;size&quot;:152,&quot;sizes&quot;:[]},&quot;_transform_rotateZ_effect_tablet&quot;:{&quot;unit&quot;:&quot;deg&quot;,&quot;size&quot;:&quot;&quot;,&quot;sizes&quot;:[]},&quot;_transform_rotateZ_effect_mobile&quot;:{&quot;unit&quot;:&quot;deg&quot;,&quot;size&quot;:&quot;&quot;,&quot;sizes&quot;:[]}}\" data-widget_type=\"divider.default\">\n\t\t\t\t<div class=\"elementor-widget-container\">\n\t\t\t\t\t\t\t<div class=\"elementor-divider\">\n\t\t\t<span class=\"elementor-divider-separator\">\n\t\t\t\t\t\t<\/span>\n\t\t<\/div>\n\t\t\t\t\t\t<\/div>\n\t\t\t\t<\/div>\n\t\t\t\t<div class=\"elementor-element elementor-element-761b120 animated-slow elementor-invisible elementor-widget elementor-widget-heading\" data-id=\"761b120\" data-element_type=\"widget\" data-e-type=\"widget\" data-settings=\"{&quot;_animation&quot;:&quot;bounceIn&quot;,&quot;_animation_delay&quot;:1000}\" data-widget_type=\"heading.default\">\n\t\t\t\t<div class=\"elementor-widget-container\">\n\t\t\t\t\t<h3 class=\"elementor-heading-title elementor-size-default\"><a href=\"https:\/\/maspinedeetpierre.com\/fr\/reservations\/\">Des questions? Voulez-vous en savoir davantage? Contactez-nous - nous serions ravies de vous aider \u00e0 planifier et r\u00e9server vos activit\u00e9s pendant votre s\u00e9jour chez nous! <\/a><\/h3>\t\t\t\t<\/div>\n\t\t\t\t<\/div>\n\t\t\t\t<\/div>\n\t\t\t\t<\/div>\n\t\t<div class=\"elementor-element elementor-element-1399ee0 e-con-full e-flex e-con e-parent\" data-id=\"1399ee0\" data-element_type=\"container\" data-e-type=\"container\">\n\t\t\t\t<div class=\"elementor-element elementor-element-85518f7 elementor-widget__width-inherit elementor-widget elementor-widget-gallery\" data-id=\"85518f7\" data-element_type=\"widget\" data-e-type=\"widget\" data-settings=\"{&quot;columns&quot;:3,&quot;gap&quot;:{&quot;unit&quot;:&quot;px&quot;,&quot;size&quot;:4,&quot;sizes&quot;:[]},&quot;aspect_ratio&quot;:&quot;1:1&quot;,&quot;gap_tablet&quot;:{&quot;unit&quot;:&quot;px&quot;,&quot;size&quot;:3,&quot;sizes&quot;:[]},&quot;lazyload&quot;:&quot;yes&quot;,&quot;gallery_layout&quot;:&quot;grid&quot;,&quot;columns_tablet&quot;:2,&quot;columns_mobile&quot;:1,&quot;gap_mobile&quot;:{&quot;unit&quot;:&quot;px&quot;,&quot;size&quot;:10,&quot;sizes&quot;:[]},&quot;link_to&quot;:&quot;file&quot;,&quot;overlay_background&quot;:&quot;yes&quot;,&quot;content_hover_animation&quot;:&quot;fade-in&quot;}\" data-widget_type=\"gallery.default\">\n\t\t\t\t<div class=\"elementor-widget-container\">\n\t\t\t\t\t\t\t<div class=\"elementor-gallery__container\">\n\t\t\t\t\t\t\t<a class=\"e-gallery-item elementor-gallery-item elementor-animated-content\" href=\"https:\/\/maspinedeetpierre.com\/wp-content\/uploads\/2022\/06\/mpp-activies0.jpg\" data-elementor-open-lightbox=\"yes\" data-elementor-lightbox-slideshow=\"85518f7\" data-e-action-hash=\"#elementor-action%3Aaction%3Dlightbox%26settings%3DeyJpZCI6NDE5LCJ1cmwiOiJodHRwczpcL1wvbWFzcGluZWRlZXRwaWVycmUuY29tXC93cC1jb250ZW50XC91cGxvYWRzXC8yMDIyXC8wNlwvbXBwLWFjdGl2aWVzMC5qcGciLCJzbGlkZXNob3ciOiI4NTUxOGY3In0%3D\">\n\t\t\t\t\t<div class=\"e-gallery-image elementor-gallery-item__image\" data-thumbnail=\"https:\/\/maspinedeetpierre.com\/wp-content\/uploads\/2022\/06\/mpp-activies0.jpg\" data-width=\"992\" data-height=\"772\" aria-label=\"\" role=\"img\" ><\/div>\n\t\t\t\t\t\t\t\t\t\t\t<div class=\"elementor-gallery-item__overlay\"><\/div>\n\t\t\t\t\t\t\t\t\t\t\t\t\t\t<\/a>\n\t\t\t\t\t\t\t<a class=\"e-gallery-item elementor-gallery-item elementor-animated-content\" href=\"https:\/\/maspinedeetpierre.com\/wp-content\/uploads\/2022\/06\/mpp-activies1.jpg\" data-elementor-open-lightbox=\"yes\" data-elementor-lightbox-slideshow=\"85518f7\" data-e-action-hash=\"#elementor-action%3Aaction%3Dlightbox%26settings%3DeyJpZCI6NDIwLCJ1cmwiOiJodHRwczpcL1wvbWFzcGluZWRlZXRwaWVycmUuY29tXC93cC1jb250ZW50XC91cGxvYWRzXC8yMDIyXC8wNlwvbXBwLWFjdGl2aWVzMS5qcGciLCJzbGlkZXNob3ciOiI4NTUxOGY3In0%3D\">\n\t\t\t\t\t<div class=\"e-gallery-image elementor-gallery-item__image\" data-thumbnail=\"https:\/\/maspinedeetpierre.com\/wp-content\/uploads\/2022\/06\/mpp-activies1.jpg\" data-width=\"795\" data-height=\"811\" aria-label=\"\" role=\"img\" ><\/div>\n\t\t\t\t\t\t\t\t\t\t\t<div class=\"elementor-gallery-item__overlay\"><\/div>\n\t\t\t\t\t\t\t\t\t\t\t\t\t\t<\/a>\n\t\t\t\t\t\t\t<a class=\"e-gallery-item elementor-gallery-item elementor-animated-content\" href=\"https:\/\/maspinedeetpierre.com\/wp-content\/uploads\/2022\/06\/mpp-activies2.jpg\" data-elementor-open-lightbox=\"yes\" data-elementor-lightbox-slideshow=\"85518f7\" data-e-action-hash=\"#elementor-action%3Aaction%3Dlightbox%26settings%3DeyJpZCI6NDIxLCJ1cmwiOiJodHRwczpcL1wvbWFzcGluZWRlZXRwaWVycmUuY29tXC93cC1jb250ZW50XC91cGxvYWRzXC8yMDIyXC8wNlwvbXBwLWFjdGl2aWVzMi5qcGciLCJzbGlkZXNob3ciOiI4NTUxOGY3In0%3D\">\n\t\t\t\t\t<div class=\"e-gallery-image elementor-gallery-item__image\" data-thumbnail=\"https:\/\/maspinedeetpierre.com\/wp-content\/uploads\/2022\/06\/mpp-activies2.jpg\" data-width=\"735\" data-height=\"787\" aria-label=\"\" role=\"img\" ><\/div>\n\t\t\t\t\t\t\t\t\t\t\t<div class=\"elementor-gallery-item__overlay\"><\/div>\n\t\t\t\t\t\t\t\t\t\t\t\t\t\t<\/a>\n\t\t\t\t\t\t\t<a class=\"e-gallery-item elementor-gallery-item elementor-animated-content\" href=\"https:\/\/maspinedeetpierre.com\/wp-content\/uploads\/2022\/06\/mpp-activies3.jpg\" data-elementor-open-lightbox=\"yes\" data-elementor-lightbox-slideshow=\"85518f7\" data-e-action-hash=\"#elementor-action%3Aaction%3Dlightbox%26settings%3DeyJpZCI6NDIyLCJ1cmwiOiJodHRwczpcL1wvbWFzcGluZWRlZXRwaWVycmUuY29tXC93cC1jb250ZW50XC91cGxvYWRzXC8yMDIyXC8wNlwvbXBwLWFjdGl2aWVzMy5qcGciLCJzbGlkZXNob3ciOiI4NTUxOGY3In0%3D\">\n\t\t\t\t\t<div class=\"e-gallery-image elementor-gallery-item__image\" data-thumbnail=\"https:\/\/maspinedeetpierre.com\/wp-content\/uploads\/2022\/06\/mpp-activies3.jpg\" data-width=\"793\" data-height=\"844\" aria-label=\"\" role=\"img\" ><\/div>\n\t\t\t\t\t\t\t\t\t\t\t<div class=\"elementor-gallery-item__overlay\"><\/div>\n\t\t\t\t\t\t\t\t\t\t\t\t\t\t<\/a>\n\t\t\t\t\t\t\t<a class=\"e-gallery-item elementor-gallery-item elementor-animated-content\" href=\"https:\/\/maspinedeetpierre.com\/wp-content\/uploads\/2022\/06\/mpp-activies4.jpg\" data-elementor-open-lightbox=\"yes\" data-elementor-lightbox-slideshow=\"85518f7\" data-e-action-hash=\"#elementor-action%3Aaction%3Dlightbox%26settings%3DeyJpZCI6NDIzLCJ1cmwiOiJodHRwczpcL1wvbWFzcGluZWRlZXRwaWVycmUuY29tXC93cC1jb250ZW50XC91cGxvYWRzXC8yMDIyXC8wNlwvbXBwLWFjdGl2aWVzNC5qcGciLCJzbGlkZXNob3ciOiI4NTUxOGY3In0%3D\">\n\t\t\t\t\t<div class=\"e-gallery-image elementor-gallery-item__image\" data-thumbnail=\"https:\/\/maspinedeetpierre.com\/wp-content\/uploads\/2022\/06\/mpp-activies4.jpg\" data-width=\"820\" data-height=\"764\" aria-label=\"\" role=\"img\" ><\/div>\n\t\t\t\t\t\t\t\t\t\t\t<div class=\"elementor-gallery-item__overlay\"><\/div>\n\t\t\t\t\t\t\t\t\t\t\t\t\t\t<\/a>\n\t\t\t\t\t\t\t<a class=\"e-gallery-item elementor-gallery-item elementor-animated-content\" href=\"https:\/\/maspinedeetpierre.com\/wp-content\/uploads\/2022\/06\/mpp-activies5.jpg\" data-elementor-open-lightbox=\"yes\" data-elementor-lightbox-slideshow=\"85518f7\" data-e-action-hash=\"#elementor-action%3Aaction%3Dlightbox%26settings%3DeyJpZCI6NDI0LCJ1cmwiOiJodHRwczpcL1wvbWFzcGluZWRlZXRwaWVycmUuY29tXC93cC1jb250ZW50XC91cGxvYWRzXC8yMDIyXC8wNlwvbXBwLWFjdGl2aWVzNS5qcGciLCJzbGlkZXNob3ciOiI4NTUxOGY3In0%3D\">\n\t\t\t\t\t<div class=\"e-gallery-image elementor-gallery-item__image\" data-thumbnail=\"https:\/\/maspinedeetpierre.com\/wp-content\/uploads\/2022\/06\/mpp-activies5.jpg\" data-width=\"822\" data-height=\"783\" aria-label=\"\" role=\"img\" ><\/div>\n\t\t\t\t\t\t\t\t\t\t\t<div class=\"elementor-gallery-item__overlay\"><\/div>\n\t\t\t\t\t\t\t\t\t\t\t\t\t\t<\/a>\n\t\t\t\t\t\t\t<a class=\"e-gallery-item elementor-gallery-item elementor-animated-content\" href=\"https:\/\/maspinedeetpierre.com\/wp-content\/uploads\/2022\/06\/mpp-activies6.jpg\" data-elementor-open-lightbox=\"yes\" data-elementor-lightbox-slideshow=\"85518f7\" data-e-action-hash=\"#elementor-action%3Aaction%3Dlightbox%26settings%3DeyJpZCI6NDI1LCJ1cmwiOiJodHRwczpcL1wvbWFzcGluZWRlZXRwaWVycmUuY29tXC93cC1jb250ZW50XC91cGxvYWRzXC8yMDIyXC8wNlwvbXBwLWFjdGl2aWVzNi5qcGciLCJzbGlkZXNob3ciOiI4NTUxOGY3In0%3D\">\n\t\t\t\t\t<div class=\"e-gallery-image elementor-gallery-item__image\" data-thumbnail=\"https:\/\/maspinedeetpierre.com\/wp-content\/uploads\/2022\/06\/mpp-activies6.jpg\" data-width=\"808\" data-height=\"1001\" aria-label=\"\" role=\"img\" ><\/div>\n\t\t\t\t\t\t\t\t\t\t\t<div class=\"elementor-gallery-item__overlay\"><\/div>\n\t\t\t\t\t\t\t\t\t\t\t\t\t\t<\/a>\n\t\t\t\t\t<\/div>\n\t\t\t\t\t<\/div>\n\t\t\t\t<\/div>\n\t\t\t\t<\/div>\n\t\t\t\t<\/div>\n\t\t<div class=\"elementor-element elementor-element-61950e3 e-flex e-con-boxed e-con e-parent\" data-id=\"61950e3\" data-element_type=\"container\" data-e-type=\"container\">\n\t\t\t\t\t<div class=\"e-con-inner\">\n\t\t<div class=\"elementor-element elementor-element-80e270a e-con-full e-flex e-con e-parent\" data-id=\"80e270a\" data-element_type=\"container\" data-e-type=\"container\">\n\t\t<div class=\"elementor-element elementor-element-0515e69 e-con-full e-flex e-con e-parent\" data-id=\"0515e69\" data-element_type=\"container\" data-e-type=\"container\">\n\t\t\t\t<div class=\"elementor-element elementor-element-21f7d1a elementor-widget elementor-widget-heading\" data-id=\"21f7d1a\" data-element_type=\"widget\" data-e-type=\"widget\" data-widget_type=\"heading.default\">\n\t\t\t\t<div class=\"elementor-widget-container\">\n\t\t\t\t\t<h2 class=\"elementor-heading-title elementor-size-default\">Saint Julien de Peyrolas<\/h2>\t\t\t\t<\/div>\n\t\t\t\t<\/div>\n\t\t\t\t<div class=\"elementor-element elementor-element-40caf74 elementor-widget elementor-widget-text-editor\" data-id=\"40caf74\" data-element_type=\"widget\" data-e-type=\"widget\" data-widget_type=\"text-editor.default\">\n\t\t\t\t<div class=\"elementor-widget-container\">\n\t\t\t\t\t\t\t\t\t<p>Vous voulez rester sur place ? Visitez le charmant Fournil de C\u00e9line et Greg et Chez Dame Tartine, un artisan confiturier r\u00e9put\u00e9. Le restaurant 3007, et sa terrasse sur la place de l'\u00e9glise, vous accueille pour le d\u00e9jeuner, le caf\u00e9 ou l\u2019ap\u00e9ro et sert des pizzas le soir.<\/p><p>Visitez le Gairidel (la coop\u00e9rative viticole locale) ou le Domaine Le Chapelier (vignoble biologique) pour une d\u00e9gustation. Profitez d'une randonn\u00e9e sur des sentiers balis\u00e9s passant par MPP et menant \u00e0 la for\u00eat communale de Valbonne. Parcourez notre pittoresque march\u00e9 d'\u00e9t\u00e9 avec les produits des \u00ab Paniers de MAX \u00bb ou visitez la ferme de Max le mercredi matin. Pour les intr\u00e9pides ne ratez pas Accroche Aventure.<\/p><p>Dans nos communes voisines, vous pourrez visiter une ch\u00e8vrerie, un \u00e9levage de canards, une herboriste savonni\u00e8re, un \u00e9levage d'\u00e2nes\u2026 et bien s\u00fbr encore des vignobles!<\/p>\t\t\t\t\t\t\t\t<\/div>\n\t\t\t\t<\/div>\n\t\t\t\t<\/div>\n\t\t<div class=\"elementor-element elementor-element-fcae58b e-con-full e-flex e-con e-parent\" data-id=\"fcae58b\" data-element_type=\"container\" data-e-type=\"container\">\n\t\t\t\t<div class=\"elementor-element elementor-element-ddabf40 elementor-widget elementor-widget-heading\" data-id=\"ddabf40\" data-element_type=\"widget\" data-e-type=\"widget\" data-widget_type=\"heading.default\">\n\t\t\t\t<div class=\"elementor-widget-container\">\n\t\t\t\t\t<h2 class=\"elementor-heading-title elementor-size-default\">Les Plages de Saint Martin d'Ard\u00e8che<\/h2>\t\t\t\t<\/div>\n\t\t\t\t<\/div>\n\t\t\t\t<div class=\"elementor-element elementor-element-1cd1aed elementor-widget elementor-widget-text-editor\" data-id=\"1cd1aed\" data-element_type=\"widget\" data-e-type=\"widget\" data-widget_type=\"text-editor.default\">\n\t\t\t\t<div class=\"elementor-widget-container\">\n\t\t\t\t\t\t\t\t\t<p>A 12 minutes de route, empruntez le pont \u00e0 une voie sur l'Ard\u00e8che jusqu'\u00e0 Saint Martin. Nous vous indiquerons nos places de parking secr\u00e8tes pour explorer les petites plages qui bordent la rivi\u00e8re. A la plage principale, louez des kayaks, des cano\u00ebs, des paddle boards, et des p\u00e9dalos.<\/p>\t\t\t\t\t\t\t\t<\/div>\n\t\t\t\t<\/div>\n\t\t\t\t<\/div>\n\t\t<div class=\"elementor-element elementor-element-b0d842e e-con-full e-flex e-con e-parent\" data-id=\"b0d842e\" data-element_type=\"container\" data-e-type=\"container\">\n\t\t\t\t<div class=\"elementor-element elementor-element-327247b elementor-widget elementor-widget-heading\" data-id=\"327247b\" data-element_type=\"widget\" data-e-type=\"widget\" data-widget_type=\"heading.default\">\n\t\t\t\t<div class=\"elementor-widget-container\">\n\t\t\t\t\t<h2 class=\"elementor-heading-title elementor-size-default\">Villages &amp; Towns<\/h2>\t\t\t\t<\/div>\n\t\t\t\t<\/div>\n\t\t\t\t<div class=\"elementor-element elementor-element-e2e0136 elementor-widget elementor-widget-text-editor\" data-id=\"e2e0136\" data-element_type=\"widget\" data-e-type=\"widget\" data-widget_type=\"text-editor.default\">\n\t\t\t\t<div class=\"elementor-widget-container\">\n\t\t\t\t\t\t\t\t\t<p>Vous ne pouvez pas vous lasser de ces rues bord\u00e9es de pierres, ces \u00e9glises, ces caf\u00e9s et ces boutiques pittoresques ? En 20 minutes ou moins, retrouvez-vous \u00e0 Montclus ou \u00e0 La Roque-sur-C\u00e8ze, deux autres \"Plus Beaux Villages de France\". Les autres favoris \u00e0 proximit\u00e9 sont Barjac, Goudargues et Cornillon. Les plus grandes villes voisines Pont Saint Esprit, Bourg Saint And\u00e9ol et Bagnol-sur-C\u00e8ze sont pleines de charme - surtout les jours de march\u00e9 - tout en offrant plus de restaurants, de boutiques, de mus\u00e9es et de concerts.<\/p>\t\t\t\t\t\t\t\t<\/div>\n\t\t\t\t<\/div>\n\t\t\t\t<\/div>\n\t\t<div class=\"elementor-element elementor-element-abcb0fb e-con-full e-flex e-con e-parent\" data-id=\"abcb0fb\" data-element_type=\"container\" data-e-type=\"container\">\n\t\t\t\t<div class=\"elementor-element elementor-element-e11a17c elementor-widget elementor-widget-heading\" data-id=\"e11a17c\" data-element_type=\"widget\" data-e-type=\"widget\" data-widget_type=\"heading.default\">\n\t\t\t\t<div class=\"elementor-widget-container\">\n\t\t\t\t\t<h2 class=\"elementor-heading-title elementor-size-default\">Caves &amp; Grottoes<\/h2>\t\t\t\t<\/div>\n\t\t\t\t<\/div>\n\t\t\t\t<div class=\"elementor-element elementor-element-9369c86 elementor-widget elementor-widget-text-editor\" data-id=\"9369c86\" data-element_type=\"widget\" data-e-type=\"widget\" data-widget_type=\"text-editor.default\">\n\t\t\t\t<div class=\"elementor-widget-container\">\n\t\t\t\t\t\t\t\t\t<p>La r\u00e9gion autour de MPP est pleine de grottes \u00e0 vous couper le souffle - Grotte Chauvet 2, Aven l\u2019Orgnac, Grotte Saint Marcel, Grotte de la Salamandre, Grotte de la Madeleine\u2026et plus! Explorez ces merveilles g\u00e9ologiques durant une visite guid\u00e9e \u00e0 pied ou osez essayer la sp\u00e9l\u00e9ologie, le rappel ou la tyrolienne. Toujours pas satisfait? La Grotte Saint Marcel vous offre une descente en sp\u00e9l\u00e9ologie menant \u00e0 une d\u00e9gustation de vin le long des piscines en cascade. La Grotte de la Salamandre vous propose un vol en priv\u00e9 muni d\u2019un ballon dirigeable \u00e0 taille humaine pour planer dans la caverne!<\/p>\t\t\t\t\t\t\t\t<\/div>\n\t\t\t\t<\/div>\n\t\t\t\t<\/div>\n\t\t\t\t<\/div>\n\t\t<div class=\"elementor-element elementor-element-04a2379 e-con-full e-flex e-con e-parent\" data-id=\"04a2379\" data-element_type=\"container\" data-e-type=\"container\">\n\t\t<div class=\"elementor-element elementor-element-32bda6f e-con-full e-flex e-con e-parent\" data-id=\"32bda6f\" data-element_type=\"container\" data-e-type=\"container\">\n\t\t\t\t<div class=\"elementor-element elementor-element-0d7c8b0 elementor-widget elementor-widget-heading\" data-id=\"0d7c8b0\" data-element_type=\"widget\" data-e-type=\"widget\" data-widget_type=\"heading.default\">\n\t\t\t\t<div class=\"elementor-widget-container\">\n\t\t\t\t\t<h2 class=\"elementor-heading-title elementor-size-default\">Aigu\u00e8ze<\/h2>\t\t\t\t<\/div>\n\t\t\t\t<\/div>\n\t\t\t\t<div class=\"elementor-element elementor-element-20decec elementor-widget elementor-widget-text-editor\" data-id=\"20decec\" data-element_type=\"widget\" data-e-type=\"widget\" data-widget_type=\"text-editor.default\">\n\t\t\t\t<div class=\"elementor-widget-container\">\n\t\t\t\t\t\t\t\t\t<p>A seulement 5 minutes en voiture de MPP, Aigu\u00e8ze est un village m\u00e9di\u00e9val perch\u00e9 sur les falaises surplombant la rivi\u00e8re d\u2019Ard\u00e8che qui vous s\u00e9duira. Poss\u00e9dant le titre distingu\u00e9 de \"Plus Beaux Villages de France\", c'est un endroit magique \u00e0 explorer - d\u00eenez \u00e0 l'ombre des platanes, savourez une glace et impr\u00e9gnez-vous de la magnifique vue panoramique. Visitez les boutiques d'antiquit\u00e9s, d'artisanat local et de produits alimentaires r\u00e9gionaux en parcourant les ruelles. Assoiff\u00e9? Deux domaines proposent des d\u00e9gustations en plein c\u0153ur du village. Avez-vous chaud? Empruntez le chemin jusqu'au bord de la rivi\u00e8re et faites trempette dans l'Ard\u00e8che. Vraiment l'endroit id\u00e9al pour plonger t\u00eate premi\u00e8re dans vos vacances proven\u00e7ales!<\/p>\t\t\t\t\t\t\t\t<\/div>\n\t\t\t\t<\/div>\n\t\t\t\t<\/div>\n\t\t<div class=\"elementor-element elementor-element-336836f e-con-full e-flex e-con e-parent\" data-id=\"336836f\" data-element_type=\"container\" data-e-type=\"container\">\n\t\t\t\t<div class=\"elementor-element elementor-element-2dd643d elementor-widget elementor-widget-heading\" data-id=\"2dd643d\" data-element_type=\"widget\" data-e-type=\"widget\" data-widget_type=\"heading.default\">\n\t\t\t\t<div class=\"elementor-widget-container\">\n\t\t\t\t\t<h2 class=\"elementor-heading-title elementor-size-default\">Gorges de l\u2019Ard\u00e8che<\/h2>\t\t\t\t<\/div>\n\t\t\t\t<\/div>\n\t\t\t\t<div class=\"elementor-element elementor-element-eb593f0 elementor-widget elementor-widget-text-editor\" data-id=\"eb593f0\" data-element_type=\"widget\" data-e-type=\"widget\" data-widget_type=\"text-editor.default\">\n\t\t\t\t<div class=\"elementor-widget-container\">\n\t\t\t\t\t\t\t\t\t<p>Explorez la r\u00e9serve naturelle nationale des gorges de l'Ard\u00e8che - un sanctuaire naturel de 1575 hectares reconnu comme \u00ab site exceptionnel \u00bb par le gouvernement fran\u00e7ais. Le site le plus embl\u00e9matique des gorges est le Pont d'Arc - une arche \u00e9pique en pierre naturelle enjambant la rivi\u00e8re. Pour une visite tranquille, empruntez la route panoramique avec ses 11 belv\u00e9d\u00e8res jusqu'au Pont d'Arc pour un pique-nique et une baignade. Ou lancez-vous \u00e0 fond dans la r\u00e9serve, explorez 24 km de sentiers de randonn\u00e9e, descendez la rivi\u00e8re en kayak ou en cano\u00eb et dirigez-vous vers des plages isol\u00e9es, des grottes et des dolmens. Contactez-nous pour planifier et r\u00e9server votre aventure ! Diverses destinations dans les Gorges de l'Ard\u00e8che sont accessibles en 15 min - 1 h de route depuis MPP.<\/p>\t\t\t\t\t\t\t\t<\/div>\n\t\t\t\t<\/div>\n\t\t<div class=\"elementor-element elementor-element-071ce92 e-con-full e-flex e-con e-parent\" data-id=\"071ce92\" data-element_type=\"container\" data-e-type=\"container\">\n\t\t\t\t<div class=\"elementor-element elementor-element-ef41363 elementor-widget elementor-widget-heading\" data-id=\"ef41363\" data-element_type=\"widget\" data-e-type=\"widget\" data-widget_type=\"heading.default\">\n\t\t\t\t<div class=\"elementor-widget-container\">\n\t\t\t\t\t<h2 class=\"elementor-heading-title elementor-size-default\">Gorges de la Ceze<\/h2>\t\t\t\t<\/div>\n\t\t\t\t<\/div>\n\t\t\t\t<div class=\"elementor-element elementor-element-fdcca5f elementor-widget elementor-widget-text-editor\" data-id=\"fdcca5f\" data-element_type=\"widget\" data-e-type=\"widget\" data-widget_type=\"text-editor.default\">\n\t\t\t\t<div class=\"elementor-widget-container\">\n\t\t\t\t\t\t\t\t\t<p>Faites du cano\u00eb ou du kayak le long de la belle et paisible rivi\u00e8re de la C\u00e8ze, pour un parcours de 5 km parfait pour les d\u00e9butants ou plus long pour les plus assidus ! D\u00e9parts du charmant village de Goudargues - d\u00e9sign\u00e9 la \"Venise gardoise.\"<\/p>\t\t\t\t\t\t\t\t<\/div>\n\t\t\t\t<\/div>\n\t\t\t\t<\/div>\n\t\t\t\t<\/div>\n\t\t\t\t<\/div>\n\t\t\t\t\t<\/div>\n\t\t\t\t<\/div>\n\t\t\t\t<\/div>","protected":false},"excerpt":{"rendered":"<p>What To Do Ready to get out of the Mas? Mas Pin\u00e8de et Pierre is the ideal base for exploring all the fabulous activities Southern France has to offer. From gourmands to nature lovers to history nuts, there\u2019s something wonderful for any and all travelers. Re-source in glorious natural surroundings, biking, hiking or kayaking the [&hellip;]<\/p>","protected":false},"author":1,"featured_media":0,"parent":0,"menu_order":0,"comment_status":"closed","ping_status":"closed","template":"elementor_header_footer","meta":{"footnotes":""},"class_list":["post-379","page","type-page","status-publish","hentry"],"_links":{"self":[{"href":"https:\/\/maspinedeetpierre.com\/fr\/wp-json\/wp\/v2\/pages\/379","targetHints":{"allow":["GET"]}}],"collection":[{"href":"https:\/\/maspinedeetpierre.com\/fr\/wp-json\/wp\/v2\/pages"}],"about":[{"href":"https:\/\/maspinedeetpierre.com\/fr\/wp-json\/wp\/v2\/types\/page"}],"author":[{"embeddable":true,"href":"https:\/\/maspinedeetpierre.com\/fr\/wp-json\/wp\/v2\/users\/1"}],"replies":[{"embeddable":true,"href":"https:\/\/maspinedeetpierre.com\/fr\/wp-json\/wp\/v2\/comments?post=379"}],"version-history":[{"count":168,"href":"https:\/\/maspinedeetpierre.com\/fr\/wp-json\/wp\/v2\/pages\/379\/revisions"}],"predecessor-version":[{"id":1575,"href":"https:\/\/maspinedeetpierre.com\/fr\/wp-json\/wp\/v2\/pages\/379\/revisions\/1575"}],"wp:attachment":[{"href":"https:\/\/maspinedeetpierre.com\/fr\/wp-json\/wp\/v2\/media?parent=379"}],"curies":[{"name":"wp","href":"https:\/\/api.w.org\/{rel}","templated":true}]}}