{"id":522,"date":"2022-07-03T08:52:36","date_gmt":"2022-07-03T12:52:36","guid":{"rendered":"https:\/\/maspinedeetpierre.com\/?page_id=522"},"modified":"2022-09-07T14:38:32","modified_gmt":"2022-09-07T18:38:32","slug":"our-story","status":"publish","type":"page","link":"https:\/\/maspinedeetpierre.com\/fr\/our-story\/","title":{"rendered":"Notre Histoire"},"content":{"rendered":"<div data-elementor-type=\"wp-page\" data-elementor-id=\"522\" class=\"elementor elementor-522\" data-elementor-post-type=\"page\">\n\t\t\t\t<div class=\"elementor-element elementor-element-277a15a e-flex e-con-boxed elementor-invisible e-con e-parent\" data-id=\"277a15a\" data-element_type=\"container\" data-e-type=\"container\" data-settings=\"{&quot;animation&quot;:&quot;fadeInUp&quot;}\">\n\t\t\t\t\t<div class=\"e-con-inner\">\n\t\t<div class=\"elementor-element elementor-element-b79875b e-con-full e-flex e-con e-parent\" data-id=\"b79875b\" data-element_type=\"container\" data-e-type=\"container\">\n\t\t\t\t<div class=\"elementor-element elementor-element-625e8a6 elementor-invisible elementor-widget elementor-widget-heading\" data-id=\"625e8a6\" data-element_type=\"widget\" data-e-type=\"widget\" data-settings=\"{&quot;motion_fx_motion_fx_scrolling&quot;:&quot;yes&quot;,&quot;motion_fx_translateY_effect&quot;:&quot;yes&quot;,&quot;motion_fx_translateY_affectedRange&quot;:{&quot;unit&quot;:&quot;%&quot;,&quot;size&quot;:&quot;&quot;,&quot;sizes&quot;:{&quot;start&quot;:50,&quot;end&quot;:70}},&quot;motion_fx_range&quot;:&quot;page&quot;,&quot;_animation&quot;:&quot;fadeInUp&quot;,&quot;motion_fx_translateY_speed&quot;:{&quot;unit&quot;:&quot;px&quot;,&quot;size&quot;:4,&quot;sizes&quot;:[]},&quot;motion_fx_devices&quot;:[&quot;desktop&quot;,&quot;tablet&quot;,&quot;mobile&quot;]}\" data-widget_type=\"heading.default\">\n\t\t\t\t<div class=\"elementor-widget-container\">\n\t\t\t\t\t<h1 class=\"elementor-heading-title elementor-size-default\">Notre Histoire<\/h1>\t\t\t\t<\/div>\n\t\t\t\t<\/div>\n\t\t\t\t<\/div>\n\t\t\t\t\t<\/div>\n\t\t\t\t<\/div>\n\t\t<div class=\"elementor-element elementor-element-97e2bff e-con-full e-flex e-con e-parent\" data-id=\"97e2bff\" data-element_type=\"container\" data-e-type=\"container\">\n\t\t\t\t<div class=\"elementor-element elementor-element-991302c elementor-invisible elementor-widget elementor-widget-image\" data-id=\"991302c\" data-element_type=\"widget\" data-e-type=\"widget\" data-settings=\"{&quot;_animation&quot;:&quot;fadeInUp&quot;}\" data-widget_type=\"image.default\">\n\t\t\t\t<div class=\"elementor-widget-container\">\n\t\t\t\t\t\t\t\t\t\t\t\t\t\t\t<img fetchpriority=\"high\" decoding=\"async\" width=\"2560\" height=\"1919\" src=\"https:\/\/maspinedeetpierre.com\/wp-content\/uploads\/2022\/07\/our-story2-scaled.jpg\" class=\"attachment-full size-full wp-image-527\" alt=\"Nath Fuz and Abby Walworth, owners of Mas Pin\u00e8de et Pierre in Provence Occitane, France\" srcset=\"https:\/\/maspinedeetpierre.com\/wp-content\/uploads\/2022\/07\/our-story2-scaled.jpg 2560w, https:\/\/maspinedeetpierre.com\/wp-content\/uploads\/2022\/07\/our-story2-300x225.jpg 300w, https:\/\/maspinedeetpierre.com\/wp-content\/uploads\/2022\/07\/our-story2-1024x768.jpg 1024w, https:\/\/maspinedeetpierre.com\/wp-content\/uploads\/2022\/07\/our-story2-768x576.jpg 768w, https:\/\/maspinedeetpierre.com\/wp-content\/uploads\/2022\/07\/our-story2-1536x1152.jpg 1536w, https:\/\/maspinedeetpierre.com\/wp-content\/uploads\/2022\/07\/our-story2-2048x1535.jpg 2048w, https:\/\/maspinedeetpierre.com\/wp-content\/uploads\/2022\/07\/our-story2-16x12.jpg 16w\" sizes=\"(max-width: 2560px) 100vw, 2560px\" \/>\t\t\t\t\t\t\t\t\t\t\t\t\t\t\t<\/div>\n\t\t\t\t<\/div>\n\t\t\t\t<\/div>\n\t\t<div class=\"elementor-element elementor-element-ed6155c e-con-full e-flex e-con e-parent\" data-id=\"ed6155c\" data-element_type=\"container\" data-e-type=\"container\">\n\t\t<div class=\"elementor-element elementor-element-9350e14 e-con-full e-flex e-con e-parent\" data-id=\"9350e14\" data-element_type=\"container\" data-e-type=\"container\">\n\t\t\t\t<div class=\"elementor-element elementor-element-6bf54b9 elementor-invisible elementor-widget elementor-widget-image\" data-id=\"6bf54b9\" data-element_type=\"widget\" data-e-type=\"widget\" data-settings=\"{&quot;_animation&quot;:&quot;fadeInUp&quot;}\" data-widget_type=\"image.default\">\n\t\t\t\t<div class=\"elementor-widget-container\">\n\t\t\t\t\t\t\t\t\t\t\t\t\t\t\t<img decoding=\"async\" width=\"2000\" height=\"1499\" src=\"https:\/\/maspinedeetpierre.com\/wp-content\/uploads\/2022\/07\/our-story1.jpg\" class=\"attachment-full size-full wp-image-541\" alt=\"Nath Fuz and Abby Walworth, owners of Mas Pin\u00e8de et Pierre in Provence Occitane, France\" srcset=\"https:\/\/maspinedeetpierre.com\/wp-content\/uploads\/2022\/07\/our-story1.jpg 2000w, https:\/\/maspinedeetpierre.com\/wp-content\/uploads\/2022\/07\/our-story1-300x225.jpg 300w, https:\/\/maspinedeetpierre.com\/wp-content\/uploads\/2022\/07\/our-story1-1024x767.jpg 1024w, https:\/\/maspinedeetpierre.com\/wp-content\/uploads\/2022\/07\/our-story1-768x576.jpg 768w, https:\/\/maspinedeetpierre.com\/wp-content\/uploads\/2022\/07\/our-story1-1536x1151.jpg 1536w, https:\/\/maspinedeetpierre.com\/wp-content\/uploads\/2022\/07\/our-story1-16x12.jpg 16w\" sizes=\"(max-width: 2000px) 100vw, 2000px\" \/>\t\t\t\t\t\t\t\t\t\t\t\t\t\t\t<\/div>\n\t\t\t\t<\/div>\n\t\t\t\t<\/div>\n\t\t<div class=\"elementor-element elementor-element-9b91e5c e-con-full e-flex e-con e-parent\" data-id=\"9b91e5c\" data-element_type=\"container\" data-e-type=\"container\">\n\t\t\t\t<div class=\"elementor-element elementor-element-c3cb71b elementor-widget elementor-widget-text-editor\" data-id=\"c3cb71b\" data-element_type=\"widget\" data-e-type=\"widget\" data-widget_type=\"text-editor.default\">\n\t\t\t\t<div class=\"elementor-widget-container\">\n\t\t\t\t\t\t\t\t\t<p>Nath et Abby ont d\u00e9m\u00e9nag\u00e9 en France en novembre 2021 avec un r\u00eave n\u00e9 plusieurs ann\u00e9es auparavant\u2026 trouver une maison qui accueillerait des h\u00f4tes pour une exp\u00e9rience de vacances atypique. Partager la relaxation et le bonheur que nous avons ressentis dans le sud de la France\u2026et prendre racines dans un lieu qui nous fait vibrer. Partager notre passion pour la r\u00e9gion, ainsi que notre passion pour nos m\u00e9tiers individuels - muay tha\u00ef, fitness, massage tha\u00ef, c\u00e9ramique et yoga.<\/p>\t\t\t\t\t\t\t\t<\/div>\n\t\t\t\t<\/div>\n\t\t\t\t<div class=\"elementor-element elementor-element-b3cc1c7 elementor-widget elementor-widget-text-editor\" data-id=\"b3cc1c7\" data-element_type=\"widget\" data-e-type=\"widget\" data-widget_type=\"text-editor.default\">\n\t\t\t\t<div class=\"elementor-widget-container\">\n\t\t\t\t\t\t\t\t\t<p>Nath a pass\u00e9 son enfance \u00e0 Lyon et a v\u00e9cu en Provence avant de d\u00e9m\u00e9nager \u00e0 Saint-Martin, aux \u00c9tats-Unis et en Espagne. Apr\u00e8s plus de trois d\u00e9cennies d'absence, la plupart \u00e0 New York City, la France l'a appel\u00e9e \u00e0 revenir. Ancienne combattante pro de muay thai, entra\u00eeneuse et propri\u00e9taire de gym avec plus de 20 ans d'exp\u00e9rience, elle serait ravie d'adapter les s\u00e9ances de muay tha\u00ef ou de fitness \u00e0 votre niveau, vos besoins et vos objectifs. Mais n'ayez crainte, elle est aussi heureuse d'apaiser votre corps et votre esprit avec une s\u00e9ance de massage tha\u00eflandais.<\/p>\t\t\t\t\t\t\t\t<\/div>\n\t\t\t\t<\/div>\n\t\t\t\t<div class=\"elementor-element elementor-element-2c04f4d elementor-widget elementor-widget-text-editor\" data-id=\"2c04f4d\" data-element_type=\"widget\" data-e-type=\"widget\" data-widget_type=\"text-editor.default\">\n\t\t\t\t<div class=\"elementor-widget-container\">\n\t\t\t\t\t\t\t\t\t<p>Abby a grandi dans le Connecticut, aux \u00c9tats-Unis, mais a d\u00e9m\u00e9nag\u00e9 \u00e0 New York City d\u00e8s que l'occasion s'est pr\u00e9sent\u00e9e. Elle a toujours pens\u00e9 \u00eatre une fille des grandes villes, mais quelque chose a chang\u00e9 et la graine a \u00e9t\u00e9 plant\u00e9e lors d'une visite exceptionnelle en France avec Nath. Assister des artistes dans leurs ateliers \u00e9tait sa profession, mais fabriquer des c\u00e9ramiques fonctionnelles est sa passion. Combattante amateur de muay thai entra\u00een\u00e9e par Nath, elle est \u00e9galement professeure de yoga certifi\u00e9e. Plongez vos mains dans la boue \u00e0 l'atelier de poterie ou rejoignez-la pour une s\u00e9ance de yoga apaisante adapt\u00e9e \u00e0 toutes les capacit\u00e9s.<\/p>\t\t\t\t\t\t\t\t<\/div>\n\t\t\t\t<\/div>\n\t\t\t\t<\/div>\n\t\t\t\t<\/div>\n\t\t\t\t<\/div>","protected":false},"excerpt":{"rendered":"<p>Our Story Nath and Abby moved to France in November 2021 with a dream that was born several years before\u2026to find a home where we could host guests for something more than \u201cjust\u201d a vacation. To share the tranquility and happiness we felt in Southern France with as many people as possible\u2026and put down roots [&hellip;]<\/p>","protected":false},"author":1,"featured_media":0,"parent":0,"menu_order":0,"comment_status":"closed","ping_status":"closed","template":"elementor_header_footer","meta":{"footnotes":""},"class_list":["post-522","page","type-page","status-publish","hentry"],"_links":{"self":[{"href":"https:\/\/maspinedeetpierre.com\/fr\/wp-json\/wp\/v2\/pages\/522","targetHints":{"allow":["GET"]}}],"collection":[{"href":"https:\/\/maspinedeetpierre.com\/fr\/wp-json\/wp\/v2\/pages"}],"about":[{"href":"https:\/\/maspinedeetpierre.com\/fr\/wp-json\/wp\/v2\/types\/page"}],"author":[{"embeddable":true,"href":"https:\/\/maspinedeetpierre.com\/fr\/wp-json\/wp\/v2\/users\/1"}],"replies":[{"embeddable":true,"href":"https:\/\/maspinedeetpierre.com\/fr\/wp-json\/wp\/v2\/comments?post=522"}],"version-history":[{"count":93,"href":"https:\/\/maspinedeetpierre.com\/fr\/wp-json\/wp\/v2\/pages\/522\/revisions"}],"predecessor-version":[{"id":1545,"href":"https:\/\/maspinedeetpierre.com\/fr\/wp-json\/wp\/v2\/pages\/522\/revisions\/1545"}],"wp:attachment":[{"href":"https:\/\/maspinedeetpierre.com\/fr\/wp-json\/wp\/v2\/media?parent=522"}],"curies":[{"name":"wp","href":"https:\/\/api.w.org\/{rel}","templated":true}]}}