{"id":8,"date":"2022-04-28T13:37:48","date_gmt":"2022-04-28T17:37:48","guid":{"rendered":"https:\/\/maspinedeetpierre.com\/?page_id=8"},"modified":"2022-09-07T13:01:02","modified_gmt":"2022-09-07T17:01:02","slug":"home","status":"publish","type":"page","link":"https:\/\/maspinedeetpierre.com\/fr\/","title":{"rendered":"home"},"content":{"rendered":"<div data-elementor-type=\"wp-post\" data-elementor-id=\"8\" class=\"elementor elementor-8\" data-elementor-post-type=\"page\">\n\t\t\t\t<div class=\"elementor-element elementor-element-554a6a6 e-flex e-con-boxed e-con e-parent\" data-id=\"554a6a6\" data-element_type=\"container\" data-e-type=\"container\" data-settings=\"{&quot;background_background&quot;:&quot;classic&quot;}\">\n\t\t\t\t\t<div class=\"e-con-inner\">\n\t\t<div class=\"elementor-element elementor-element-25d5a49 e-con-full e-flex e-con e-child\" data-id=\"25d5a49\" data-element_type=\"container\" data-e-type=\"container\">\n\t\t<div class=\"elementor-element elementor-element-561b971 e-con-full e-flex e-con e-child\" data-id=\"561b971\" data-element_type=\"container\" data-e-type=\"container\">\n\t\t<div class=\"elementor-element elementor-element-30ac8af e-con-full e-flex e-con e-child\" data-id=\"30ac8af\" data-element_type=\"container\" data-e-type=\"container\">\n\t\t\t\t<div class=\"elementor-element elementor-element-2a245bb animated-slow elementor-widget-mobile__width-initial elementor-invisible elementor-widget elementor-widget-image\" data-id=\"2a245bb\" data-element_type=\"widget\" data-e-type=\"widget\" data-settings=\"{&quot;_animation&quot;:&quot;fadeIn&quot;}\" data-widget_type=\"image.default\">\n\t\t\t\t<div class=\"elementor-widget-container\">\n\t\t\t\t\t\t\t\t\t\t\t\t\t\t\t<img fetchpriority=\"high\" decoding=\"async\" width=\"1000\" height=\"921\" src=\"https:\/\/maspinedeetpierre.com\/wp-content\/uploads\/2022\/06\/mpp-test-logo2.png\" class=\"attachment-full size-full wp-image-292\" alt=\"\" srcset=\"https:\/\/maspinedeetpierre.com\/wp-content\/uploads\/2022\/06\/mpp-test-logo2.png 1000w, https:\/\/maspinedeetpierre.com\/wp-content\/uploads\/2022\/06\/mpp-test-logo2-300x276.png 300w, https:\/\/maspinedeetpierre.com\/wp-content\/uploads\/2022\/06\/mpp-test-logo2-768x707.png 768w\" sizes=\"(max-width: 1000px) 100vw, 1000px\" \/>\t\t\t\t\t\t\t\t\t\t\t\t\t\t\t<\/div>\n\t\t\t\t<\/div>\n\t\t\t\t<\/div>\n\t\t<div class=\"elementor-element elementor-element-a3fff92 e-con-full e-flex e-con e-child\" data-id=\"a3fff92\" data-element_type=\"container\" data-e-type=\"container\">\n\t\t\t\t<div class=\"elementor-element elementor-element-2d12158 elementor-hidden-desktop elementor-hidden-tablet elementor-view-default elementor-widget elementor-widget-icon\" data-id=\"2d12158\" data-element_type=\"widget\" data-e-type=\"widget\" data-widget_type=\"icon.default\">\n\t\t\t\t<div class=\"elementor-widget-container\">\n\t\t\t\t\t\t\t<div class=\"elementor-icon-wrapper\">\n\t\t\t<a class=\"elementor-icon\" href=\"#elementor-action%3Aaction%3Dpopup%3Aopen%26settings%3DeyJpZCI6IjgzMCIsInRvZ2dsZSI6ZmFsc2V9\">\n\t\t\t<i aria-hidden=\"true\" class=\"fas fa-align-justify\"><\/i>\t\t\t<\/a>\n\t\t<\/div>\n\t\t\t\t\t\t<\/div>\n\t\t\t\t<\/div>\n\t\t\t\t<\/div>\n\t\t\t\t<\/div>\n\t\t<div class=\"elementor-element elementor-element-a5af8a0 animated-slow e-flex e-con-boxed elementor-invisible e-con e-child\" data-id=\"a5af8a0\" data-element_type=\"container\" data-e-type=\"container\" data-settings=\"{&quot;animation&quot;:&quot;fadeInUp&quot;,&quot;animation_delay&quot;:500}\">\n\t\t\t\t\t<div class=\"e-con-inner\">\n\t\t\t\t<div class=\"elementor-element elementor-element-f3707d7 elementor-widget elementor-widget-heading\" data-id=\"f3707d7\" data-element_type=\"widget\" data-e-type=\"widget\" data-widget_type=\"heading.default\">\n\t\t\t\t<div class=\"elementor-widget-container\">\n\t\t\t\t\t<h1 class=\"elementor-heading-title elementor-size-default\">Mas Pin\u00e8de et Pierre<\/h1>\t\t\t\t<\/div>\n\t\t\t\t<\/div>\n\t\t\t\t<div class=\"elementor-element elementor-element-113fed2 elementor-widget elementor-widget-text-editor\" data-id=\"113fed2\" data-element_type=\"widget\" data-e-type=\"widget\" data-widget_type=\"text-editor.default\">\n\t\t\t\t<div class=\"elementor-widget-container\">\n\t\t\t\t\t\t\t\t\tMas Pin\u00e8de et Pierre est situ\u00e9 en Provence Occitane, \u00e0 la p\u00e9riph\u00e9rie du charmant et calme village de Saint-Julien-de-Peyrolas dans le nord-est du Gard. Proche de l'Ard\u00e8che, de la Dr\u00f4me et du Vaucluse, Mas Pin\u00e8de et Pierre est parfaitement plac\u00e9 pour toutes sortes d'explorations afin de satisfaire tout voyageur.\t\t\t\t\t\t\t\t<\/div>\n\t\t\t\t<\/div>\n\t\t\t\t\t<\/div>\n\t\t\t\t<\/div>\n\t\t\t\t<\/div>\n\t\t<div class=\"elementor-element elementor-element-9c69f82 e-con-full elementor-hidden-mobile e-flex e-con e-child\" data-id=\"9c69f82\" data-element_type=\"container\" data-e-type=\"container\">\n\t\t<div class=\"elementor-element elementor-element-d9267b0 e-con-full e-flex e-con e-child\" data-id=\"d9267b0\" data-element_type=\"container\" data-e-type=\"container\">\n\t\t\t\t<div class=\"elementor-element elementor-element-7dc0fb1 elementor-nav-menu__align-start elementor-nav-menu--dropdown-mobile animated-slow elementor-hidden-mobile elementor-nav-menu__text-align-aside elementor-nav-menu--toggle elementor-nav-menu--burger elementor-invisible elementor-widget elementor-widget-nav-menu\" data-id=\"7dc0fb1\" data-element_type=\"widget\" data-e-type=\"widget\" data-settings=\"{&quot;layout&quot;:&quot;vertical&quot;,&quot;_animation&quot;:&quot;fadeInRight&quot;,&quot;motion_fx_motion_fx_scrolling&quot;:&quot;yes&quot;,&quot;motion_fx_translateY_effect&quot;:&quot;yes&quot;,&quot;submenu_icon&quot;:{&quot;value&quot;:&quot;&lt;i class=\\&quot;\\&quot; aria-hidden=\\&quot;true\\&quot;&gt;&lt;\\\/i&gt;&quot;,&quot;library&quot;:&quot;&quot;},&quot;toggle&quot;:&quot;burger&quot;,&quot;motion_fx_translateY_speed&quot;:{&quot;unit&quot;:&quot;px&quot;,&quot;size&quot;:4,&quot;sizes&quot;:[]},&quot;motion_fx_translateY_affectedRange&quot;:{&quot;unit&quot;:&quot;%&quot;,&quot;size&quot;:&quot;&quot;,&quot;sizes&quot;:{&quot;start&quot;:0,&quot;end&quot;:100}},&quot;motion_fx_devices&quot;:[&quot;desktop&quot;,&quot;tablet&quot;,&quot;mobile&quot;]}\" data-widget_type=\"nav-menu.default\">\n\t\t\t\t<div class=\"elementor-widget-container\">\n\t\t\t\t\t\t\t\t<nav aria-label=\"Menu\" class=\"elementor-nav-menu--main elementor-nav-menu__container elementor-nav-menu--layout-vertical e--pointer-overline e--animation-grow\">\n\t\t\t\t<ul id=\"menu-1-7dc0fb1\" class=\"elementor-nav-menu sm-vertical\"><li class=\"menu-item menu-item-type-post_type menu-item-object-page menu-item-961\"><a href=\"https:\/\/maspinedeetpierre.com\/fr\/our-story\/\" class=\"elementor-item\">Notre Histoire<\/a><\/li>\n<li class=\"menu-item menu-item-type-post_type menu-item-object-page menu-item-309\"><a href=\"https:\/\/maspinedeetpierre.com\/fr\/the-house\/\" class=\"elementor-item\">La Maison<\/a><\/li>\n<li class=\"menu-item menu-item-type-post_type menu-item-object-page menu-item-308\"><a href=\"https:\/\/maspinedeetpierre.com\/fr\/the-rooms\/\" class=\"elementor-item\">Les Chambres<\/a><\/li>\n<li class=\"menu-item menu-item-type-post_type menu-item-object-page menu-item-1291\"><a href=\"https:\/\/maspinedeetpierre.com\/fr\/activities\/\" class=\"elementor-item\">Activit\u00e9s<\/a><\/li>\n<li class=\"menu-item menu-item-type-post_type menu-item-object-page menu-item-415\"><a href=\"https:\/\/maspinedeetpierre.com\/fr\/what-to-do\/\" class=\"elementor-item\">Que Faire<\/a><\/li>\n<li class=\"menu-item menu-item-type-post_type menu-item-object-page menu-item-1322\"><a href=\"https:\/\/maspinedeetpierre.com\/fr\/reservations\/\" class=\"elementor-item\">R\u00e9servations<\/a><\/li>\n<\/ul>\t\t\t<\/nav>\n\t\t\t\t\t<div class=\"elementor-menu-toggle\" role=\"button\" tabindex=\"0\" aria-label=\"Permuter le menu\" aria-expanded=\"false\">\n\t\t\t<i aria-hidden=\"true\" role=\"presentation\" class=\"elementor-menu-toggle__icon--open eicon-menu-bar\"><\/i><i aria-hidden=\"true\" role=\"presentation\" class=\"elementor-menu-toggle__icon--close eicon-close\"><\/i>\t\t<\/div>\n\t\t\t\t\t<nav class=\"elementor-nav-menu--dropdown elementor-nav-menu__container\" aria-hidden=\"true\">\n\t\t\t\t<ul id=\"menu-2-7dc0fb1\" class=\"elementor-nav-menu sm-vertical\"><li class=\"menu-item menu-item-type-post_type menu-item-object-page menu-item-961\"><a href=\"https:\/\/maspinedeetpierre.com\/fr\/our-story\/\" class=\"elementor-item\" tabindex=\"-1\">Notre Histoire<\/a><\/li>\n<li class=\"menu-item menu-item-type-post_type menu-item-object-page menu-item-309\"><a href=\"https:\/\/maspinedeetpierre.com\/fr\/the-house\/\" class=\"elementor-item\" tabindex=\"-1\">La Maison<\/a><\/li>\n<li class=\"menu-item menu-item-type-post_type menu-item-object-page menu-item-308\"><a href=\"https:\/\/maspinedeetpierre.com\/fr\/the-rooms\/\" class=\"elementor-item\" tabindex=\"-1\">Les Chambres<\/a><\/li>\n<li class=\"menu-item menu-item-type-post_type menu-item-object-page menu-item-1291\"><a href=\"https:\/\/maspinedeetpierre.com\/fr\/activities\/\" class=\"elementor-item\" tabindex=\"-1\">Activit\u00e9s<\/a><\/li>\n<li class=\"menu-item menu-item-type-post_type menu-item-object-page menu-item-415\"><a href=\"https:\/\/maspinedeetpierre.com\/fr\/what-to-do\/\" class=\"elementor-item\" tabindex=\"-1\">Que Faire<\/a><\/li>\n<li class=\"menu-item menu-item-type-post_type menu-item-object-page menu-item-1322\"><a href=\"https:\/\/maspinedeetpierre.com\/fr\/reservations\/\" class=\"elementor-item\" tabindex=\"-1\">R\u00e9servations<\/a><\/li>\n<\/ul>\t\t\t<\/nav>\n\t\t\t\t\t\t<\/div>\n\t\t\t\t<\/div>\n\t\t\t\t<\/div>\n\t\t\t\t<\/div>\n\t\t\t\t\t<\/div>\n\t\t\t\t<\/div>\n\t\t<div class=\"elementor-element elementor-element-0e3bfbc e-con-full e-flex e-con e-parent\" data-id=\"0e3bfbc\" data-element_type=\"container\" data-e-type=\"container\" data-settings=\"{&quot;background_background&quot;:&quot;classic&quot;}\">\n\t\t<div class=\"elementor-element elementor-element-38a8bbc e-con-full e-flex e-con e-child\" data-id=\"38a8bbc\" data-element_type=\"container\" data-e-type=\"container\">\n\t\t\t\t<div class=\"elementor-element elementor-element-54ce85a elementor-widget__width-initial elementor-widget elementor-widget-image\" data-id=\"54ce85a\" data-element_type=\"widget\" data-e-type=\"widget\" data-widget_type=\"image.default\">\n\t\t\t\t<div class=\"elementor-widget-container\">\n\t\t\t\t\t\t\t\t\t\t\t\t\t\t\t<img decoding=\"async\" width=\"1125\" height=\"1032\" src=\"https:\/\/maspinedeetpierre.com\/wp-content\/uploads\/2022\/06\/mpp-logo-wht.png\" class=\"attachment-full size-full wp-image-1152\" alt=\"Mas Pin\u00e8de et Pierre logo\" srcset=\"https:\/\/maspinedeetpierre.com\/wp-content\/uploads\/2022\/06\/mpp-logo-wht.png 1125w, https:\/\/maspinedeetpierre.com\/wp-content\/uploads\/2022\/06\/mpp-logo-wht-300x275.png 300w, https:\/\/maspinedeetpierre.com\/wp-content\/uploads\/2022\/06\/mpp-logo-wht-1024x939.png 1024w, https:\/\/maspinedeetpierre.com\/wp-content\/uploads\/2022\/06\/mpp-logo-wht-768x705.png 768w, https:\/\/maspinedeetpierre.com\/wp-content\/uploads\/2022\/06\/mpp-logo-wht-13x12.png 13w\" sizes=\"(max-width: 1125px) 100vw, 1125px\" \/>\t\t\t\t\t\t\t\t\t\t\t\t\t\t\t<\/div>\n\t\t\t\t<\/div>\n\t\t\t\t<div class=\"elementor-element elementor-element-2f86208 elementor-widget elementor-widget-heading\" data-id=\"2f86208\" data-element_type=\"widget\" data-e-type=\"widget\" data-widget_type=\"heading.default\">\n\t\t\t\t<div class=\"elementor-widget-container\">\n\t\t\t\t\t<h2 class=\"elementor-heading-title elementor-size-default\">1816 Rte de Salazac<br \/>\n30760 Saint-Julien-de-Peyrolas<br \/>\nFrance<\/h2>\t\t\t\t<\/div>\n\t\t\t\t<\/div>\n\t\t\t\t<\/div>\n\t\t<div class=\"elementor-element elementor-element-288cb96 e-con-full e-flex e-con e-child\" data-id=\"288cb96\" data-element_type=\"container\" data-e-type=\"container\">\n\t\t\t\t<div class=\"elementor-element elementor-element-550b60d elementor-widget__width-initial elementor-widget elementor-widget-image\" data-id=\"550b60d\" data-element_type=\"widget\" data-e-type=\"widget\" data-widget_type=\"image.default\">\n\t\t\t\t<div class=\"elementor-widget-container\">\n\t\t\t\t\t\t\t\t\t\t\t\t\t\t\t<img decoding=\"async\" width=\"300\" height=\"300\" src=\"https:\/\/maspinedeetpierre.com\/wp-content\/uploads\/2022\/09\/CDR-logo-wht.png\" class=\"attachment-large size-large wp-image-1230\" alt=\"\" srcset=\"https:\/\/maspinedeetpierre.com\/wp-content\/uploads\/2022\/09\/CDR-logo-wht.png 300w, https:\/\/maspinedeetpierre.com\/wp-content\/uploads\/2022\/09\/CDR-logo-wht-150x150.png 150w, https:\/\/maspinedeetpierre.com\/wp-content\/uploads\/2022\/09\/CDR-logo-wht-12x12.png 12w\" sizes=\"(max-width: 300px) 100vw, 300px\" \/>\t\t\t\t\t\t\t\t\t\t\t\t\t\t\t<\/div>\n\t\t\t\t<\/div>\n\t\t\t\t<div class=\"elementor-element elementor-element-c74d1f2 elementor-widget elementor-widget-heading\" data-id=\"c74d1f2\" data-element_type=\"widget\" data-e-type=\"widget\" data-widget_type=\"heading.default\">\n\t\t\t\t<div class=\"elementor-widget-container\">\n\t\t\t\t\t<h2 class=\"elementor-heading-title elementor-size-default\">&copy; 2022 Mas Pin\u00e8de et Pierre<\/h2>\t\t\t\t<\/div>\n\t\t\t\t<\/div>\n\t\t\t\t<\/div>\n\t\t\t\t<\/div>\n\t\t\t\t<\/div>","protected":false},"excerpt":{"rendered":"<p>Mas Pin\u00e8de et Pierre is located in sunny Provence Occitane, on the outskirts of charming and calm Saint-Julien-de-Peyrolas in north-eastern Gard province. A short drive from the Ard\u00e8che, Drome, and Vaucluse regions, Mas Pin\u00e8de et Pierre is perfectly placed for all sorts of exploration to satisfy any traveler. 1816 Rte de Salazac 30760 Saint-Julien-de-Peyrolas France [&hellip;]<\/p>","protected":false},"author":1,"featured_media":0,"parent":0,"menu_order":0,"comment_status":"closed","ping_status":"closed","template":"elementor_canvas","meta":{"footnotes":""},"class_list":["post-8","page","type-page","status-publish","hentry"],"_links":{"self":[{"href":"https:\/\/maspinedeetpierre.com\/fr\/wp-json\/wp\/v2\/pages\/8","targetHints":{"allow":["GET"]}}],"collection":[{"href":"https:\/\/maspinedeetpierre.com\/fr\/wp-json\/wp\/v2\/pages"}],"about":[{"href":"https:\/\/maspinedeetpierre.com\/fr\/wp-json\/wp\/v2\/types\/page"}],"author":[{"embeddable":true,"href":"https:\/\/maspinedeetpierre.com\/fr\/wp-json\/wp\/v2\/users\/1"}],"replies":[{"embeddable":true,"href":"https:\/\/maspinedeetpierre.com\/fr\/wp-json\/wp\/v2\/comments?post=8"}],"version-history":[{"count":358,"href":"https:\/\/maspinedeetpierre.com\/fr\/wp-json\/wp\/v2\/pages\/8\/revisions"}],"predecessor-version":[{"id":1494,"href":"https:\/\/maspinedeetpierre.com\/fr\/wp-json\/wp\/v2\/pages\/8\/revisions\/1494"}],"wp:attachment":[{"href":"https:\/\/maspinedeetpierre.com\/fr\/wp-json\/wp\/v2\/media?parent=8"}],"curies":[{"name":"wp","href":"https:\/\/api.w.org\/{rel}","templated":true}]}}