{"id":90,"date":"2022-06-16T10:58:32","date_gmt":"2022-06-16T14:58:32","guid":{"rendered":"https:\/\/maspinedeetpierre.com\/?page_id=90"},"modified":"2024-03-20T11:57:05","modified_gmt":"2024-03-20T15:57:05","slug":"the-house","status":"publish","type":"page","link":"https:\/\/maspinedeetpierre.com\/fr\/the-house\/","title":{"rendered":"La Maison"},"content":{"rendered":"<div data-elementor-type=\"wp-page\" data-elementor-id=\"90\" class=\"elementor elementor-90\" data-elementor-post-type=\"page\">\n\t\t\t\t<div class=\"elementor-element elementor-element-e4c7a31 e-con-full e-flex e-con e-parent\" data-id=\"e4c7a31\" data-element_type=\"container\" data-e-type=\"container\" data-settings=\"{&quot;motion_fx_motion_fx_scrolling&quot;:&quot;yes&quot;,&quot;motion_fx_devices&quot;:[&quot;desktop&quot;,&quot;tablet&quot;,&quot;mobile&quot;]}\">\n\t\t<div class=\"elementor-element elementor-element-bdea8d9 e-con-full e-flex e-con e-child\" data-id=\"bdea8d9\" data-element_type=\"container\" data-e-type=\"container\">\n\t\t\t\t<div class=\"elementor-element elementor-element-21ef477 elementor-widget__width-inherit elementor-invisible elementor-widget elementor-widget-heading\" data-id=\"21ef477\" data-element_type=\"widget\" data-e-type=\"widget\" data-settings=\"{&quot;motion_fx_motion_fx_scrolling&quot;:&quot;yes&quot;,&quot;motion_fx_range&quot;:&quot;page&quot;,&quot;_animation&quot;:&quot;fadeInUp&quot;,&quot;motion_fx_devices&quot;:[&quot;desktop&quot;,&quot;tablet&quot;,&quot;mobile&quot;]}\" data-widget_type=\"heading.default\">\n\t\t\t\t<div class=\"elementor-widget-container\">\n\t\t\t\t\t<h1 class=\"elementor-heading-title elementor-size-default\">La Maison<\/h1>\t\t\t\t<\/div>\n\t\t\t\t<\/div>\n\t\t\t\t<\/div>\n\t\t\t\t<\/div>\n\t\t<div class=\"elementor-element elementor-element-d3ed214 e-con-full e-flex e-con e-parent\" data-id=\"d3ed214\" data-element_type=\"container\" data-e-type=\"container\">\n\t\t<div class=\"elementor-element elementor-element-4344965 e-con-full animated-slow e-flex elementor-invisible e-con e-child\" data-id=\"4344965\" data-element_type=\"container\" data-e-type=\"container\" data-settings=\"{&quot;animation&quot;:&quot;fadeInUp&quot;}\">\n\t\t\t\t<div class=\"elementor-element elementor-element-5214991 elementor-widget elementor-widget-image\" data-id=\"5214991\" data-element_type=\"widget\" data-e-type=\"widget\" data-widget_type=\"image.default\">\n\t\t\t\t<div class=\"elementor-widget-container\">\n\t\t\t\t\t\t\t\t\t\t\t\t\t\t\t<img fetchpriority=\"high\" decoding=\"async\" width=\"992\" height=\"969\" src=\"https:\/\/maspinedeetpierre.com\/wp-content\/uploads\/2022\/06\/mpp-house-1.jpg\" class=\"attachment-full size-full wp-image-136\" alt=\"The house at Mas Pin\u00e8de et Pierre in Provence Occitane, France\" srcset=\"https:\/\/maspinedeetpierre.com\/wp-content\/uploads\/2022\/06\/mpp-house-1.jpg 992w, https:\/\/maspinedeetpierre.com\/wp-content\/uploads\/2022\/06\/mpp-house-1-300x293.jpg 300w, https:\/\/maspinedeetpierre.com\/wp-content\/uploads\/2022\/06\/mpp-house-1-768x750.jpg 768w\" sizes=\"(max-width: 992px) 100vw, 992px\" \/>\t\t\t\t\t\t\t\t\t\t\t\t\t\t\t<\/div>\n\t\t\t\t<\/div>\n\t\t\t\t<div class=\"elementor-element elementor-element-45abfb7 elementor-widget elementor-widget-gallery\" data-id=\"45abfb7\" data-element_type=\"widget\" data-e-type=\"widget\" data-settings=\"{&quot;columns&quot;:2,&quot;aspect_ratio&quot;:&quot;1:1&quot;,&quot;columns_mobile&quot;:2,&quot;gap_mobile&quot;:{&quot;unit&quot;:&quot;px&quot;,&quot;size&quot;:4,&quot;sizes&quot;:[]},&quot;gallery_layout&quot;:&quot;grid&quot;,&quot;columns_tablet&quot;:2,&quot;gap&quot;:{&quot;unit&quot;:&quot;px&quot;,&quot;size&quot;:10,&quot;sizes&quot;:[]},&quot;gap_tablet&quot;:{&quot;unit&quot;:&quot;px&quot;,&quot;size&quot;:10,&quot;sizes&quot;:[]},&quot;link_to&quot;:&quot;file&quot;,&quot;overlay_background&quot;:&quot;yes&quot;,&quot;content_hover_animation&quot;:&quot;fade-in&quot;}\" data-widget_type=\"gallery.default\">\n\t\t\t\t<div class=\"elementor-widget-container\">\n\t\t\t\t\t\t\t<div class=\"elementor-gallery__container\">\n\t\t\t\t\t\t\t<a class=\"e-gallery-item elementor-gallery-item elementor-animated-content\" href=\"https:\/\/maspinedeetpierre.com\/wp-content\/uploads\/2023\/01\/pool1.jpg\" data-elementor-open-lightbox=\"yes\" data-elementor-lightbox-slideshow=\"45abfb7\" data-elementor-lightbox-title=\"pool1\" data-e-action-hash=\"#elementor-action%3Aaction%3Dlightbox%26settings%3DeyJpZCI6MjMyOSwidXJsIjoiaHR0cHM6XC9cL21hc3BpbmVkZWV0cGllcnJlLmNvbVwvd3AtY29udGVudFwvdXBsb2Fkc1wvMjAyM1wvMDFcL3Bvb2wxLmpwZyIsInNsaWRlc2hvdyI6IjQ1YWJmYjcifQ%3D%3D\">\n\t\t\t\t\t<div class=\"e-gallery-image elementor-gallery-item__image\" data-thumbnail=\"https:\/\/maspinedeetpierre.com\/wp-content\/uploads\/2023\/01\/pool1.jpg\" data-width=\"1000\" data-height=\"1333\" aria-label=\"\" role=\"img\" ><\/div>\n\t\t\t\t\t\t\t\t\t\t\t<div class=\"elementor-gallery-item__overlay\"><\/div>\n\t\t\t\t\t\t\t\t\t\t\t\t\t\t<\/a>\n\t\t\t\t\t\t\t<a class=\"e-gallery-item elementor-gallery-item elementor-animated-content\" href=\"https:\/\/maspinedeetpierre.com\/wp-content\/uploads\/2023\/01\/pool2.jpg\" data-elementor-open-lightbox=\"yes\" data-elementor-lightbox-slideshow=\"45abfb7\" data-elementor-lightbox-title=\"pool2\" data-e-action-hash=\"#elementor-action%3Aaction%3Dlightbox%26settings%3DeyJpZCI6MjMzMCwidXJsIjoiaHR0cHM6XC9cL21hc3BpbmVkZWV0cGllcnJlLmNvbVwvd3AtY29udGVudFwvdXBsb2Fkc1wvMjAyM1wvMDFcL3Bvb2wyLmpwZyIsInNsaWRlc2hvdyI6IjQ1YWJmYjcifQ%3D%3D\">\n\t\t\t\t\t<div class=\"e-gallery-image elementor-gallery-item__image\" data-thumbnail=\"https:\/\/maspinedeetpierre.com\/wp-content\/uploads\/2023\/01\/pool2.jpg\" data-width=\"1000\" data-height=\"1335\" aria-label=\"\" role=\"img\" ><\/div>\n\t\t\t\t\t\t\t\t\t\t\t<div class=\"elementor-gallery-item__overlay\"><\/div>\n\t\t\t\t\t\t\t\t\t\t\t\t\t\t<\/a>\n\t\t\t\t\t<\/div>\n\t\t\t\t\t<\/div>\n\t\t\t\t<\/div>\n\t\t\t\t<\/div>\n\t\t<div class=\"elementor-element elementor-element-78877d6 e-con-full e-flex elementor-invisible e-con e-child\" data-id=\"78877d6\" data-element_type=\"container\" data-e-type=\"container\" data-settings=\"{&quot;animation&quot;:&quot;fadeInUp&quot;,&quot;animation_delay&quot;:500}\">\n\t\t\t\t<div class=\"elementor-element elementor-element-fef2d57 elementor-widget elementor-widget-heading\" data-id=\"fef2d57\" data-element_type=\"widget\" data-e-type=\"widget\" data-widget_type=\"heading.default\">\n\t\t\t\t<div class=\"elementor-widget-container\">\n\t\t\t\t\t<h2 class=\"elementor-heading-title elementor-size-default\">Venez vous reposer dans notre sanctuaire<\/h2>\t\t\t\t<\/div>\n\t\t\t\t<\/div>\n\t\t\t\t<div class=\"elementor-element elementor-element-8797381 elementor-widget elementor-widget-text-editor\" data-id=\"8797381\" data-element_type=\"widget\" data-e-type=\"widget\" data-widget_type=\"text-editor.default\">\n\t\t\t\t<div class=\"elementor-widget-container\">\n\t\t\t\t\t\t\t\t\t<p>Construit dans les ann\u00e9es 70 par Papy Michel et Mamy Marceline, r\u00e9nov\u00e9 avec amour par Nath et Abby, le Mas Pin\u00e8de et Pierre respire le charme r\u00e9tro \u00e0 la fran\u00e7aise. Les d\u00e9tails proven\u00e7aux classiques se m\u00ealent \u00e0 un d\u00e9cor organique pour cr\u00e9er un espace chaleureusement serein. D\u00e9tendez-vous dans les jardins \u2013 amoureusement plant\u00e9s par nos pr\u00e9d\u00e9cesseurs d'essences typiques de la r\u00e9gion, ombrag\u00e9s par des pins majestueux \u2013 et rafra\u00eechissez-vous dans la piscine. Faites une pause dans notre salon cosy ou d\u00e9tendez-vous avec un livre dans le coin lecture de la mezzanine. Le petit d\u00e9jeuner est servi sur nos terrasses ombrag\u00e9es donnant sur les jardins.<\/p><p>Nos trois chambres peuvent accueillir jusqu'\u00e0 9 personnes.<\/p><p>Visitez l'atelier\/boutique de c\u00e9ramique d'Abby et achetez un souvenir, que ce soit l'une des cr\u00e9ations d'Abby, nos produits locaux pr\u00e9f\u00e9r\u00e9s ou des tr\u00e9sors vintage. Reservez des cours de muay tha\u00ef, de fitness et de yoga dans notre salle de sport en plein air.<\/p>\t\t\t\t\t\t\t\t<\/div>\n\t\t\t\t<\/div>\n\t\t\t\t<\/div>\n\t\t\t\t<\/div>\n\t\t<div class=\"elementor-element elementor-element-917ed32 e-con-full animated-slow e-flex elementor-invisible e-con e-parent\" data-id=\"917ed32\" data-element_type=\"container\" data-e-type=\"container\" data-settings=\"{&quot;animation&quot;:&quot;fadeIn&quot;}\">\n\t\t<div class=\"elementor-element elementor-element-a9ec456 e-con-full e-flex e-con e-child\" data-id=\"a9ec456\" data-element_type=\"container\" data-e-type=\"container\">\n\t\t\t\t<div class=\"elementor-element elementor-element-0ec2356 elementor-widget elementor-widget-heading\" data-id=\"0ec2356\" data-element_type=\"widget\" data-e-type=\"widget\" data-widget_type=\"heading.default\">\n\t\t\t\t<div class=\"elementor-widget-container\">\n\t\t\t\t\t<h2 class=\"elementor-heading-title elementor-size-default\">Notre engagement \u00e9cologique\n<\/h2>\t\t\t\t<\/div>\n\t\t\t\t<\/div>\n\t\t\t\t<div class=\"elementor-element elementor-element-ac2d0de elementor-widget elementor-widget-text-editor\" data-id=\"ac2d0de\" data-element_type=\"widget\" data-e-type=\"widget\" data-widget_type=\"text-editor.default\">\n\t\t\t\t<div class=\"elementor-widget-container\">\n\t\t\t\t\t\t\t\t\t<p>Au Mas Pin\u00e8de et Pierre, nous nous engageons dans des pratiques respectueuses de l'environnement.<\/p><p>Nous r\u00e9duisons notre consommation de plastiques \u00e0 usage unique et toujours r\u00e9utiliser et recycler. Pour le nettoyage, nous utilisons des produits naturels comme le vinaigre, le bicarbonate de soude, le savon noir et les huiles essentielles pour d\u00e9sinfecter sans toxicit\u00e9. En ce qui concerne la nourriture, nous achetons les produits locaux et biologiques, en soutenant les fermes et les vendeurs proches de chez nous.<\/p><p>Nous avons h\u00e9rit\u00e9 une grande partie de nos meubles, vaisselle et d\u00e9coration de Papy Michel et Mamie Marceline, et avons recherch\u00e9 des produits fabriqu\u00e9s en France ou en Europe pour de nouveaux achats.<\/p><p>Nos draps sont en coton biologique et certifi\u00e9s oeko-tex standard 100. Nous r\u00e9duisons la consommation d'eau et d'\u00e9lectricit\u00e9 en lavant votre linge chaque semaine et non quotidiennement.<\/p><p>Enfin, nos ventilateurs de plafond et nos appareils \u00e9lectrom\u00e9nagers \u00e9conomes en \u00e9nergie nous aident \u00e0 r\u00e9duire notre consommation d'\u00e9lectricit\u00e9 et d\u2019eau.<\/p><p>En s\u00e9journant chez MPP, vous pouvez \u00eatre assur\u00e9 que vous soutenez une maison et une entreprise qui s'efforcent d'exister en harmonie avec notre belle terre.<\/p>\t\t\t\t\t\t\t\t<\/div>\n\t\t\t\t<\/div>\n\t\t\t\t<\/div>\n\t\t<div class=\"elementor-element elementor-element-a391fc9 e-con-full e-flex e-con e-child\" data-id=\"a391fc9\" data-element_type=\"container\" data-e-type=\"container\">\n\t\t\t\t<div class=\"elementor-element elementor-element-11af255 elementor-widget elementor-widget-gallery\" data-id=\"11af255\" data-element_type=\"widget\" data-e-type=\"widget\" data-settings=\"{&quot;columns&quot;:2,&quot;aspect_ratio&quot;:&quot;1:1&quot;,&quot;columns_mobile&quot;:2,&quot;gap_mobile&quot;:{&quot;unit&quot;:&quot;px&quot;,&quot;size&quot;:4,&quot;sizes&quot;:[]},&quot;gallery_layout&quot;:&quot;grid&quot;,&quot;columns_tablet&quot;:2,&quot;gap&quot;:{&quot;unit&quot;:&quot;px&quot;,&quot;size&quot;:10,&quot;sizes&quot;:[]},&quot;gap_tablet&quot;:{&quot;unit&quot;:&quot;px&quot;,&quot;size&quot;:10,&quot;sizes&quot;:[]},&quot;link_to&quot;:&quot;file&quot;,&quot;overlay_background&quot;:&quot;yes&quot;,&quot;content_hover_animation&quot;:&quot;fade-in&quot;}\" data-widget_type=\"gallery.default\">\n\t\t\t\t<div class=\"elementor-widget-container\">\n\t\t\t\t\t\t\t<div class=\"elementor-gallery__container\">\n\t\t\t\t\t\t\t<a class=\"e-gallery-item elementor-gallery-item elementor-animated-content\" href=\"https:\/\/maspinedeetpierre.com\/wp-content\/uploads\/2022\/06\/wall-2.jpg\" data-elementor-open-lightbox=\"yes\" data-elementor-lightbox-slideshow=\"11af255\" data-elementor-lightbox-title=\"wall-2\" data-e-action-hash=\"#elementor-action%3Aaction%3Dlightbox%26settings%3DeyJpZCI6MjY0LCJ1cmwiOiJodHRwczpcL1wvbWFzcGluZWRlZXRwaWVycmUuY29tXC93cC1jb250ZW50XC91cGxvYWRzXC8yMDIyXC8wNlwvd2FsbC0yLmpwZyIsInNsaWRlc2hvdyI6IjExYWYyNTUifQ%3D%3D\">\n\t\t\t\t\t<div class=\"e-gallery-image elementor-gallery-item__image\" data-thumbnail=\"https:\/\/maspinedeetpierre.com\/wp-content\/uploads\/2022\/06\/wall-2.jpg\" data-width=\"800\" data-height=\"1066\" aria-label=\"\" role=\"img\" ><\/div>\n\t\t\t\t\t\t\t\t\t\t\t<div class=\"elementor-gallery-item__overlay\"><\/div>\n\t\t\t\t\t\t\t\t\t\t\t\t\t\t<\/a>\n\t\t\t\t\t\t\t<a class=\"e-gallery-item elementor-gallery-item elementor-animated-content\" href=\"https:\/\/maspinedeetpierre.com\/wp-content\/uploads\/2022\/06\/garden2.jpg\" data-elementor-open-lightbox=\"yes\" data-elementor-lightbox-slideshow=\"11af255\" data-elementor-lightbox-title=\"garden2\" data-e-action-hash=\"#elementor-action%3Aaction%3Dlightbox%26settings%3DeyJpZCI6MjY1LCJ1cmwiOiJodHRwczpcL1wvbWFzcGluZWRlZXRwaWVycmUuY29tXC93cC1jb250ZW50XC91cGxvYWRzXC8yMDIyXC8wNlwvZ2FyZGVuMi5qcGciLCJzbGlkZXNob3ciOiIxMWFmMjU1In0%3D\">\n\t\t\t\t\t<div class=\"e-gallery-image elementor-gallery-item__image\" data-thumbnail=\"https:\/\/maspinedeetpierre.com\/wp-content\/uploads\/2022\/06\/garden2.jpg\" data-width=\"800\" data-height=\"1066\" aria-label=\"\" role=\"img\" ><\/div>\n\t\t\t\t\t\t\t\t\t\t\t<div class=\"elementor-gallery-item__overlay\"><\/div>\n\t\t\t\t\t\t\t\t\t\t\t\t\t\t<\/a>\n\t\t\t\t\t\t\t<a class=\"e-gallery-item elementor-gallery-item elementor-animated-content\" href=\"https:\/\/maspinedeetpierre.com\/wp-content\/uploads\/2022\/06\/garden-1.jpg\" data-elementor-open-lightbox=\"yes\" data-elementor-lightbox-slideshow=\"11af255\" data-elementor-lightbox-title=\"garden-1\" data-e-action-hash=\"#elementor-action%3Aaction%3Dlightbox%26settings%3DeyJpZCI6MjY2LCJ1cmwiOiJodHRwczpcL1wvbWFzcGluZWRlZXRwaWVycmUuY29tXC93cC1jb250ZW50XC91cGxvYWRzXC8yMDIyXC8wNlwvZ2FyZGVuLTEuanBnIiwic2xpZGVzaG93IjoiMTFhZjI1NSJ9\">\n\t\t\t\t\t<div class=\"e-gallery-image elementor-gallery-item__image\" data-thumbnail=\"https:\/\/maspinedeetpierre.com\/wp-content\/uploads\/2022\/06\/garden-1.jpg\" data-width=\"800\" data-height=\"1066\" aria-label=\"\" role=\"img\" ><\/div>\n\t\t\t\t\t\t\t\t\t\t\t<div class=\"elementor-gallery-item__overlay\"><\/div>\n\t\t\t\t\t\t\t\t\t\t\t\t\t\t<\/a>\n\t\t\t\t\t\t\t<a class=\"e-gallery-item elementor-gallery-item elementor-animated-content\" href=\"https:\/\/maspinedeetpierre.com\/wp-content\/uploads\/2022\/06\/pines1.jpg\" data-elementor-open-lightbox=\"yes\" data-elementor-lightbox-slideshow=\"11af255\" data-elementor-lightbox-title=\"pines1\" data-e-action-hash=\"#elementor-action%3Aaction%3Dlightbox%26settings%3DeyJpZCI6MjY3LCJ1cmwiOiJodHRwczpcL1wvbWFzcGluZWRlZXRwaWVycmUuY29tXC93cC1jb250ZW50XC91cGxvYWRzXC8yMDIyXC8wNlwvcGluZXMxLmpwZyIsInNsaWRlc2hvdyI6IjExYWYyNTUifQ%3D%3D\">\n\t\t\t\t\t<div class=\"e-gallery-image elementor-gallery-item__image\" data-thumbnail=\"https:\/\/maspinedeetpierre.com\/wp-content\/uploads\/2022\/06\/pines1.jpg\" data-width=\"800\" data-height=\"1066\" aria-label=\"\" role=\"img\" ><\/div>\n\t\t\t\t\t\t\t\t\t\t\t<div class=\"elementor-gallery-item__overlay\"><\/div>\n\t\t\t\t\t\t\t\t\t\t\t\t\t\t<\/a>\n\t\t\t\t\t<\/div>\n\t\t\t\t\t<\/div>\n\t\t\t\t<\/div>\n\t\t\t\t<\/div>\n\t\t\t\t<\/div>\n\t\t\t\t<\/div>","protected":false},"excerpt":{"rendered":"<p>The House Come rest in our sanctuary. Built in the &#8217;70s by Papy Michel and Mamy Marceline, renovated with love by Nath and Abby, Mas Pin\u00e8de et Pierre exudes retro French charm. Classic provencal details blend with organic decor to create a warmly serene space. Relax in the gardens \u2013 lovingly planted by our predecessors [&hellip;]<\/p>","protected":false},"author":1,"featured_media":0,"parent":0,"menu_order":0,"comment_status":"closed","ping_status":"closed","template":"elementor_header_footer","meta":{"footnotes":""},"class_list":["post-90","page","type-page","status-publish","hentry"],"_links":{"self":[{"href":"https:\/\/maspinedeetpierre.com\/fr\/wp-json\/wp\/v2\/pages\/90","targetHints":{"allow":["GET"]}}],"collection":[{"href":"https:\/\/maspinedeetpierre.com\/fr\/wp-json\/wp\/v2\/pages"}],"about":[{"href":"https:\/\/maspinedeetpierre.com\/fr\/wp-json\/wp\/v2\/types\/page"}],"author":[{"embeddable":true,"href":"https:\/\/maspinedeetpierre.com\/fr\/wp-json\/wp\/v2\/users\/1"}],"replies":[{"embeddable":true,"href":"https:\/\/maspinedeetpierre.com\/fr\/wp-json\/wp\/v2\/comments?post=90"}],"version-history":[{"count":211,"href":"https:\/\/maspinedeetpierre.com\/fr\/wp-json\/wp\/v2\/pages\/90\/revisions"}],"predecessor-version":[{"id":3512,"href":"https:\/\/maspinedeetpierre.com\/fr\/wp-json\/wp\/v2\/pages\/90\/revisions\/3512"}],"wp:attachment":[{"href":"https:\/\/maspinedeetpierre.com\/fr\/wp-json\/wp\/v2\/media?parent=90"}],"curies":[{"name":"wp","href":"https:\/\/api.w.org\/{rel}","templated":true}]}}